{"id":284,"date":"2018-01-30T19:54:56","date_gmt":"2018-01-31T00:54:56","guid":{"rendered":"http:\/\/localhost\/csfs\/?page_id=284"},"modified":"2022-09-20T11:03:27","modified_gmt":"2022-09-20T16:03:27","slug":"ovf-landing-permits","status":"publish","type":"page","link":"https:\/\/www.csfs.aero\/es\/trip-support\/ovf-landing-permits\/","title":{"rendered":""},"content":{"rendered":"<div class=\"vce-row-container\"><div class=\"vce-row vce-row--col-gap-30 vce-row-equal-height vce-row-content--middle\" data-vce-full-width=\"true\" data-vce-stretch-content=\"true\" id=\"el-0ceead62\" data-vce-do-apply=\"all el-0ceead62\" data-vce-animate=\"vce-o-animate--slideInRight\"><div class=\"vce-content-background-container\"><\/div><div class=\"vce-row-content\" data-vce-element-content=\"true\"><div class=\"vce-col vce-col--md-auto vce-col--xs-1 vce-col--xs-last vce-col--xs-first vce-col--sm-last vce-col--sm-first vce-col--md-last vce-col--lg-last vce-col--xl-last vce-col--md-first vce-col--lg-first vce-col--xl-first\" id=\"el-40b491ba\"><div class=\"vce-col-inner\" data-vce-do-apply=\"border margin background  el-40b491ba\"><div class=\"vce-col-content\" data-vce-element-content=\"true\" data-vce-do-apply=\"padding el-40b491ba\"><div class=\"vce-text-block\"><div class=\"vce-text-block-wrapper vce\" id=\"el-922abb8e\" data-vce-do-apply=\"all el-922abb8e\"><h1 style=\"text-align: center;\"><span style=\"font-family: Poppins; font-size: 24pt; font-weight: bold; font-style: normal; color: #14409e;\">OVF \/ LANDING PERMITS<\/span><\/h1><p class=\"text-color\" style=\"font-size: 16px; text-align: center;\"><span style=\"font-family: Poppins; font-size: 16pt; color: #14409e; font-weight: bold; font-style: normal;\">Se requieren Autorizacion de Permisos\nrevios (PPR-sus siglas en ingles) para sobrevolar, aterrizar o realizar una escala t\u00e9cnica o diplom\u00e1tica en el espacio a\u00e9reo de un pa\u00eds. Algunas regiones requieren m\u00e1s permisos que otras (Centro, Am\u00e9rica del Sur y el Caribe) y los requisitos de permisos siempre cambian y, a menudo, son complejos de organizar.<\/span><\/p><\/div><\/div><\/div><\/div><\/div><\/div><\/div><\/div><div class=\"vce-row-container\" data-vce-boxed-width=\"true\"><div class=\"vce-row vce-element--has-background vce-row--col-gap-30 vce-row-content--bottom\" id=\"el-95a234e4\" data-vce-do-apply=\"all el-95a234e4\" data-vce-animate=\"vce-o-animate--None\"><div class=\"vce-content-background-container\"><div class=\"vce-asset-background-simple-container vce-visible-all-only vce-asset-background-simple--style-cover vce-asset-background-simple--position-center-top\"><div class=\"vce-asset-background-simple\">\r\n              <div style='background-image: url(\"https:\/\/www.csfs.aero\/wp-content\/uploads\/2018\/11\/fondo-gris.png\");'  class=\"vce-asset-background-simple-item vcv-lozad\" ><\/div>\r\n              <noscript>\r\n                &lt;div class=&quot;vce-asset-background-simple-item&quot; style=&quot;background-image: url(https:\/\/www.csfs.aero\/wp-content\/uploads\/2018\/11\/fondo-gris.png)&quot;&gt;&lt;\/div&gt;\r\n              <\/noscript>\r\n            <\/div><\/div><\/div><div class=\"vce-row-content\" data-vce-element-content=\"true\"><div class=\"vce-col vce-col--md-auto vce-col--xs-1 vce-col--xs-last vce-col--xs-first vce-col--sm-last vce-col--sm-first vce-col--md-first vce-col--lg-first vce-col--xl-first\" id=\"el-3ee17853\"><div class=\"vce-col-inner\" data-vce-do-apply=\"border margin background  el-3ee17853\"><div class=\"vce-content-background-container\"><\/div><div class=\"vce-col-content\" data-vce-element-content=\"true\" data-vce-do-apply=\"padding el-3ee17853\"><div class=\"vce-text-block\"><div class=\"vce-text-block-wrapper vce\" id=\"el-dc709493\" data-vce-do-apply=\"all el-dc709493\" data-vce-animate=\"vce-o-animate--slideInLeft\" data-vce-animate-delay=\"vce-o-animate-delay--0\"><p style=\"line-height: 1.5; text-align: center;\"><span style=\"font-family: Poppins; font-size: 16pt; color: #14409e; font-weight: 300; font-style: normal;\">Nuestro equipo se mantiene actualizado con los requisitos cambiantes y las situaciones pol\u00edticas en todo el mundo, para garantizar que tenga los permisos correctos para sus vuelos; ahorr\u00e1ndole tiempo, dinero y estr\u00e9s. Nuestra experiencia y conocimientos con las autoridades de aviaci\u00f3n le garantizan que todos los sobrevuelos, permisos de aterrizaje y autorizaciones de vuelo necesarios se obtengan antes de su llegada y salida.<\/span><\/p><\/div><\/div><\/div><\/div><\/div><div class=\"vce-col vce-col--md-auto vce-col--xs-1 vce-col--xs-last vce-col--xs-first vce-col--sm-last vce-col--sm-first vce-col--md-last vce-col--lg-last vce-col--xl-last\" id=\"el-e8ab8f5e\"><div class=\"vce-col-inner\" data-vce-do-apply=\"border margin background  el-e8ab8f5e\"><div class=\"vce-col-content\" data-vce-element-content=\"true\" data-vce-do-apply=\"padding el-e8ab8f5e\"><div class=\"vce-features vce-var-icon vce-features--style-outlined-square vce-features--size-large\" style=\"--text-align: center; --iconColor: rgba(8, 41, 110, 0.86); --iconColorHover: rgba(8, 41, 110, 0.86); --shapeColor: rgba(8, 41, 110, 0.86); --shapeColorHover: rgba(8, 41, 110, 0.86); --linkColorHover: rgba(7,37,98,0.86);\"><div id=\"el-b93cab02\" class=\"vce vce-features-icon-wrapper\" data-vce-do-apply=\"all el-b93cab02\"><div class=\"vce-features--icon vce-icon\"><svg xmlns=\"https:\/\/www.w3.org\/2000\/svg\" viewbox=\"0 0 769 769\"><path stroke-width=\"25\" d=\"M565.755 696.27h-360l-180-311.77 180-311.77h360l180 311.77z\"><\/path><\/svg><span class=\"vce-icon-container fas fa-file-signature\"><\/span><\/div><\/div><\/div><div class=\"vce-single-image-container vce-single-image--align-left\"><div class=\"vce vce-single-image-wrapper\" id=\"el-324119d1\" data-vce-do-apply=\"all el-324119d1\"><figure><div class=\"vce-single-image-figure-inner\" style=\"width: 1024px;\"><div class=\"vce-single-image-inner vce-single-image--absolute vce-single-image--border-rounded\" style=\"width: 100%; padding-bottom: 75%;\"><img fetchpriority=\"high\" decoding=\"async\" class=\"vce-single-image\"  width=\"1024\" height=\"768\" srcset=\"https:\/\/www.csfs.aero\/wp-content\/uploads\/2022\/08\/IMG-20220205-WA0033-1024x768.jpg 1024w, https:\/\/www.csfs.aero\/wp-content\/uploads\/2022\/09\/IMG-20220205-WA0033-320x240.jpg 320w, https:\/\/www.csfs.aero\/wp-content\/uploads\/2022\/09\/IMG-20220205-WA0033-480x360.jpg 480w\" src=\"https:\/\/www.csfs.aero\/wp-content\/uploads\/2022\/08\/IMG-20220205-WA0033-1024x768.jpg\" data-img-src=\"https:\/\/www.csfs.aero\/wp-content\/uploads\/2022\/08\/IMG-20220205-WA0033.jpg\" data-attachment-id=\"1131\"  alt=\"\" title=\"IMG-20220205-WA0033\" \/><\/div><\/div><figcaption hidden=\"\"><\/figcaption><\/figure><\/div><\/div><\/div><\/div><\/div><\/div><\/div><\/div><div class=\"vce-row-container\"><div class=\"vce-row vce-row--col-gap-30 vce-row-equal-height vce-row-content--top\" data-vce-full-width=\"true\" data-vce-stretch-content=\"true\" id=\"el-814adb50\" data-vce-do-apply=\"all el-814adb50\"><div class=\"vce-row-content\" data-vce-element-content=\"true\"><div class=\"vce-col vce-col--md-auto vce-col--xs-1 vce-col--xs-last vce-col--xs-first vce-col--sm-last vce-col--sm-first vce-col--md-last vce-col--lg-last vce-col--xl-last vce-col--md-first vce-col--lg-first vce-col--xl-first\" id=\"el-440bd09b\"><div class=\"vce-col-inner\" data-vce-do-apply=\"border margin background  el-440bd09b\"><div class=\"vce-col-content\" data-vce-element-content=\"true\" data-vce-do-apply=\"padding el-440bd09b\"><div class=\"vce vce-separator-container vce-separator--align-center vce-separator--style-shadow\" id=\"el-0431ea50\" data-vce-do-apply=\"margin el-0431ea50\"><div class=\"vce-separator vce-separator--color-ba-8-41-110-0-86 vce-separator--width-77 vce-separator--thickness-3\" data-vce-do-apply=\"border padding background  el-0431ea50\"><div class=\"vce-separator-shadow vce-separator-shadow-left\"><\/div><div class=\"vce-separator-shadow vce-separator-shadow-right\"><\/div><\/div><\/div><\/div><\/div><\/div><\/div><\/div><\/div><div class=\"vce-row-container\"><div class=\"vce-row vce-row--col-gap-30 vce-row-equal-height vce-row-content--top\" id=\"el-d09d6e66\" data-vce-do-apply=\"all el-d09d6e66\" data-vce-animate=\"vce-o-animate--slideInUp\" data-vce-full-width=\"true\" data-vce-stretch-content=\"true\"><div class=\"vce-content-background-container\"><\/div><div class=\"vce-row-content\" data-vce-element-content=\"true\"><div class=\"vce-col vce-col--md-auto vce-col--xs-1 vce-col--xs-last vce-col--xs-first vce-col--sm-last vce-col--sm-first vce-col--md-last vce-col--lg-last vce-col--xl-last vce-col--md-first vce-col--lg-first vce-col--xl-first\" id=\"el-fa1e2b35\"><div class=\"vce-col-inner\" data-vce-do-apply=\"border margin background  el-fa1e2b35\"><div class=\"vce-col-content\" data-vce-element-content=\"true\" data-vce-do-apply=\"padding el-fa1e2b35\"><div class=\"vce-row-container\"><div class=\"vce-row vce-row--col-gap-30 vce-row-equal-height vce-row-content--top\" data-vce-full-width=\"true\" id=\"el-23fff7db\" data-vce-do-apply=\"all el-23fff7db\"><div class=\"vce-row-content\" data-vce-element-content=\"true\"><div class=\"vce-col vce-col--md-auto vce-col--xs-1 vce-col--xs-last vce-col--xs-first vce-col--sm-last vce-col--sm-first vce-col--md-last vce-col--lg-last vce-col--xl-last vce-col--md-first vce-col--lg-first vce-col--xl-first\" id=\"el-3d4400bf\"><div class=\"vce-col-inner\" data-vce-do-apply=\"border margin background  el-3d4400bf\"><div class=\"vce-col-content\" data-vce-element-content=\"true\" data-vce-do-apply=\"padding el-3d4400bf\"><div class=\"vce-text-block\"><div class=\"vce-text-block-wrapper vce\" id=\"el-2733c54f\" data-vce-do-apply=\"all el-2733c54f\"><p style=\"text-align: center;\"><span style=\"font-family: Poppins; font-size: 24pt; color: #14409e; font-weight: bold; font-style: normal;\">CSFS OFRECE<\/span><\/p>\r\n<h2 style=\"text-align: center;\"><strong><span style=\"font-style: normal; font-size: 18pt; color: #911e37;\"><span style=\"font-family: Poppins;\">Airport Slots<\/span><\/span><\/strong><\/h2>\r\n<h2 style=\"text-align: center;\"><strong><span style=\"font-style: normal; font-size: 18pt; color: #911e37;\"><span style=\"font-family: Poppins;\">Landing Permits<\/span><\/span><\/strong><\/h2>\r\n<h2 style=\"text-align: center;\"><strong><span style=\"font-style: normal; font-size: 18pt; color: #911e37;\"><span style=\"font-family: Poppins;\">Traffic Rights<\/span><\/span><\/strong><\/h2>\r\n<h2 style=\"text-align: center;\"><strong><span style=\"font-style: normal; font-size: 18pt; color: #911e37;\"><span style=\"font-family: Poppins;\">Diplomatic Permissions<\/span><\/span><\/strong><\/h2><\/div><\/div><\/div><\/div><\/div><\/div><\/div><\/div><\/div><\/div><\/div><\/div><\/div><\/div>","protected":false},"excerpt":{"rendered":"<p>OVF \/ LANDING PERMITSPermits and prior permissions (PPR) are required to overfly, land, or to make a technical or diplomatic stop in a country\u2019s airspace. Some regions require more permits than others (Central, South America and the Caribbean) and permit requirements are always changing and often complex to organize. &lt;div class=&#8221;vce-asset-background-simple-item&#8221; style=&#8221;background-image: url(https:\/\/www.csfs.aero\/wp-content\/uploads\/2018\/11\/fondo-gris.png)&#8221;&gt;&lt;\/div&gt; Our Team [&hellip;]<\/p>\n","protected":false},"author":1,"featured_media":1384,"parent":150,"menu_order":0,"comment_status":"closed","ping_status":"closed","template":"","meta":{"_monsterinsights_skip_tracking":false,"_monsterinsights_sitenote_active":false,"_monsterinsights_sitenote_note":"","_monsterinsights_sitenote_category":0,"footnotes":""},"class_list":["post-284","page","type-page","status-publish","has-post-thumbnail","hentry","entry","has-media"],"aioseo_notices":[],"jetpack_sharing_enabled":true,"_links":{"self":[{"href":"https:\/\/www.csfs.aero\/es\/wp-json\/wp\/v2\/pages\/284","targetHints":{"allow":["GET"]}}],"collection":[{"href":"https:\/\/www.csfs.aero\/es\/wp-json\/wp\/v2\/pages"}],"about":[{"href":"https:\/\/www.csfs.aero\/es\/wp-json\/wp\/v2\/types\/page"}],"author":[{"embeddable":true,"href":"https:\/\/www.csfs.aero\/es\/wp-json\/wp\/v2\/users\/1"}],"replies":[{"embeddable":true,"href":"https:\/\/www.csfs.aero\/es\/wp-json\/wp\/v2\/comments?post=284"}],"version-history":[{"count":0,"href":"https:\/\/www.csfs.aero\/es\/wp-json\/wp\/v2\/pages\/284\/revisions"}],"up":[{"embeddable":true,"href":"https:\/\/www.csfs.aero\/es\/wp-json\/wp\/v2\/pages\/150"}],"wp:featuredmedia":[{"embeddable":true,"href":"https:\/\/www.csfs.aero\/es\/wp-json\/wp\/v2\/media\/1384"}],"wp:attachment":[{"href":"https:\/\/www.csfs.aero\/es\/wp-json\/wp\/v2\/media?parent=284"}],"curies":[{"name":"wp","href":"https:\/\/api.w.org\/{rel}","templated":true}]}}