{"id":309,"date":"2018-01-30T20:18:00","date_gmt":"2018-01-30T20:18:00","guid":{"rendered":"http:\/\/localhost\/csfs\/?page_id=309"},"modified":"2023-04-20T14:26:05","modified_gmt":"2023-04-20T19:26:05","slug":"flight-packages-fpl-filling","status":"publish","type":"page","link":"https:\/\/www.csfs.aero\/es\/trip-support\/flight-packages-fpl-filling\/","title":{"rendered":"[:en]Flight packages\/ FPL Filling[:]"},"content":{"rendered":"<div class=\"vce-row-container\" data-vce-boxed-width=\"true\"><div class=\"vce-row vce-row--col-gap-30 vce-row-equal-height vce-row-content--top\" id=\"el-348d85b1\" data-vce-do-apply=\"all el-348d85b1\"><div class=\"vce-row-content\" data-vce-element-content=\"true\"><div class=\"vce-col vce-col--md-auto vce-col--xs-1 vce-col--xs-last vce-col--xs-first vce-col--sm-last vce-col--sm-first vce-col--md-first vce-col--lg-first vce-col--xl-first\" id=\"el-70dbc2cd\"><div class=\"vce-col-inner\" data-vce-do-apply=\"border margin background  el-70dbc2cd\"><div class=\"vce-col-content\" data-vce-element-content=\"true\" data-vce-do-apply=\"padding el-70dbc2cd\"><div><\/div><\/div><\/div><\/div><div class=\"vce-col vce-col--md-auto vce-col--xs-1 vce-col--xs-last vce-col--xs-first vce-col--sm-last vce-col--sm-first vce-col--md-last vce-col--lg-last vce-col--xl-last\" id=\"el-f1186929\"><div class=\"vce-col-inner\" data-vce-do-apply=\"border margin background  el-f1186929\"><div class=\"vce-col-content\" data-vce-element-content=\"true\" data-vce-do-apply=\"padding el-f1186929\"><div class=\"vce-text-block\"><div class=\"vce-text-block-wrapper vce\" id=\"el-0e13cf3e\" data-vce-do-apply=\"all el-0e13cf3e\" data-vce-animate=\"vce-o-animate--swing\"><h1 style=\"text-align: center;\"><span style=\"color: #a2b1bf;\"><strong>FLIGHT PACKAGES\/ FPL FILLING<\/strong><\/span><\/h1>\n<p class=\"text-color\" style=\"font-size: 16px; text-align: center;\"><span style=\"color: #a2b1bf; font-size: 14pt;\">CSFS proporciona un paquete integral para que ayude a su tripulaci\u00f3n durante el vuelo. Nuestro paquete de plan de vuelo incluye: plan de vuelo computarizado, presentaci\u00f3n ATC, clima en ruta, NOTAM actualizados, cartas meteorol\u00f3gicas gr\u00e1ficas e informaci\u00f3n sobre la ruta de vuelo de los pasajeros.<\/span><\/p>\n<p class=\"text-color\" style=\"font-size: 16px; text-align: center;\"><span style=\"color: #a2b1bf; font-size: 14pt;\">CSFS puede preparar y presentar su plan de vuelo de la FAA o la OACI en destinos nacionales e internacionales para su conveniencia.<\/span><\/p><\/div><\/div><\/div><\/div><\/div><\/div><\/div><\/div><div class=\"vce-row-container\"><div class=\"vce-row vce-row--col-gap-30 vce-row-equal-height vce-row-content--middle\" data-vce-full-width=\"true\" data-vce-stretch-content=\"true\" id=\"el-2c813903\" data-vce-do-apply=\"all el-2c813903\"><div class=\"vce-content-background-container\"><\/div><div class=\"vce-row-content\" data-vce-element-content=\"true\"><div class=\"vce-col vce-col--md-48p vce-col--xs-1 vce-col--xs-last vce-col--xs-first vce-col--sm-last vce-col--sm-first vce-col--md-first vce-col--lg-first vce-col--xl-first\" id=\"el-6f3bf39b\"><div class=\"vce-col-inner\" data-vce-do-apply=\"border margin background  el-6f3bf39b\"><div class=\"vce-col-content\" data-vce-element-content=\"true\" data-vce-do-apply=\"padding el-6f3bf39b\"><div class=\"vce-single-image-container vce-single-image--align-center\"><div class=\"vce vce-single-image-wrapper\" id=\"el-ac26a108\" data-vce-do-apply=\"all el-ac26a108\"><figure><div class=\"vce-single-image-figure-inner\" style=\"width: 768px;\"><div class=\"vce-single-image-inner vce-single-image--absolute vce-single-image--border-round\" style=\"width: 100%; padding-bottom: 100%;\"><img fetchpriority=\"high\" decoding=\"async\" class=\"vce-single-image\"  width=\"768\" height=\"768\" srcset=\"https:\/\/www.csfs.aero\/wp-content\/uploads\/2022\/08\/IMG-20220324-WA0022-768x576.jpg 768w, https:\/\/www.csfs.aero\/wp-content\/uploads\/2023\/04\/IMG-20220324-WA0022-320x320.jpg 320w\" src=\"https:\/\/www.csfs.aero\/wp-content\/uploads\/2022\/08\/IMG-20220324-WA0022-768x576.jpg\" data-img-src=\"https:\/\/www.csfs.aero\/wp-content\/uploads\/2022\/08\/IMG-20220324-WA0022.jpg\" data-attachment-id=\"1139\"  alt=\"\" title=\"IMG-20220324-WA0022\" \/><\/div><\/div><figcaption hidden=\"\"><\/figcaption><\/figure><\/div><\/div><\/div><\/div><\/div><div class=\"vce-col vce-col--md-52p vce-col--xs-1 vce-col--xs-last vce-col--xs-first vce-col--sm-last vce-col--sm-first vce-col--md-last vce-col--lg-last vce-col--xl-last\" id=\"el-9f31ce30\"><div class=\"vce-col-inner\" data-vce-do-apply=\"border margin background  el-9f31ce30\"><div class=\"vce-col-content\" data-vce-element-content=\"true\" data-vce-do-apply=\"padding el-9f31ce30\"><div class=\"vce-features vce-var-icon vce-features--style-filled-diamond vce-features--size-large\" style=\"--text-align: center; --iconColor: rgb(162, 177, 191); --iconColorHover: rgb(8, 41, 110); --shapeColor: rgb(145, 30, 55); --shapeColorHover: rgb(162, 177, 191); --linkColorHover: rgb(162, 177, 191);\"><div id=\"el-8a85e522\" class=\"vce vce-features-icon-wrapper\" data-vce-do-apply=\"all el-8a85e522\"><div class=\"vce-features--icon vce-icon\"><svg xmlns=\"https:\/\/www.w3.org\/2000\/svg\" viewbox=\"0 0 769 769\"><path stroke-width=\"25\" d=\"M565.755 696.27h-360l-180-311.77 180-311.77h360l180 311.77z\"><\/path><\/svg><span class=\"vce-icon-container fas fa-sort-alpha-up-alt\"><\/span><\/div><\/div><\/div><\/div><\/div><\/div><\/div><\/div><\/div>","protected":false},"excerpt":{"rendered":"<p>FLIGHT PACKAGES\/ FPL FILLING CSFS provide a comprehensive package for your crew to assist them during their flight. Our flight plan package includes: Computerized Flight Plan, ATC Filing, En-route Weather, Updated NOTAMs, Graphical Weather Charts, and Passenger Flight Route Briefing. CSFS can prepare and file your FAA or ICAO flight plan at both domestic and [&hellip;]<\/p>\n","protected":false},"author":1,"featured_media":1675,"parent":150,"menu_order":0,"comment_status":"closed","ping_status":"closed","template":"page-templates\/page_front-page.php","meta":{"_monsterinsights_skip_tracking":false,"_monsterinsights_sitenote_active":false,"_monsterinsights_sitenote_note":"","_monsterinsights_sitenote_category":0,"footnotes":""},"class_list":["post-309","page","type-page","status-publish","has-post-thumbnail","hentry","entry","has-media"],"aioseo_notices":[],"jetpack_sharing_enabled":true,"_links":{"self":[{"href":"https:\/\/www.csfs.aero\/es\/wp-json\/wp\/v2\/pages\/309","targetHints":{"allow":["GET"]}}],"collection":[{"href":"https:\/\/www.csfs.aero\/es\/wp-json\/wp\/v2\/pages"}],"about":[{"href":"https:\/\/www.csfs.aero\/es\/wp-json\/wp\/v2\/types\/page"}],"author":[{"embeddable":true,"href":"https:\/\/www.csfs.aero\/es\/wp-json\/wp\/v2\/users\/1"}],"replies":[{"embeddable":true,"href":"https:\/\/www.csfs.aero\/es\/wp-json\/wp\/v2\/comments?post=309"}],"version-history":[{"count":0,"href":"https:\/\/www.csfs.aero\/es\/wp-json\/wp\/v2\/pages\/309\/revisions"}],"up":[{"embeddable":true,"href":"https:\/\/www.csfs.aero\/es\/wp-json\/wp\/v2\/pages\/150"}],"wp:featuredmedia":[{"embeddable":true,"href":"https:\/\/www.csfs.aero\/es\/wp-json\/wp\/v2\/media\/1675"}],"wp:attachment":[{"href":"https:\/\/www.csfs.aero\/es\/wp-json\/wp\/v2\/media?parent=309"}],"curies":[{"name":"wp","href":"https:\/\/api.w.org\/{rel}","templated":true}]}}