{"id":323,"date":"2018-01-30T20:48:52","date_gmt":"2018-01-30T20:48:52","guid":{"rendered":"http:\/\/localhost\/csfs\/?page_id=323"},"modified":"2023-04-20T14:22:14","modified_gmt":"2023-04-20T19:22:14","slug":"flight-following","status":"publish","type":"page","link":"https:\/\/www.csfs.aero\/es\/trip-support\/flight-following\/","title":{"rendered":"[:en]Flight Following[:]"},"content":{"rendered":"<div class=\"vce-row-container\"><div class=\"vce-row vce-element--has-background vce-row--col-gap-30 vce-row-equal-height vce-row-content--middle\" data-vce-full-width=\"true\" id=\"el-45b3d76e\" data-vce-do-apply=\"all el-45b3d76e\" data-vce-animate=\"vce-o-animate--None\"><div class=\"vce-content-background-container\"><div class=\"vce-asset-background-simple-container vce-visible-all-only vce-asset-background-simple--style-cover vce-asset-background-simple--position-center-top\"><div class=\"vce-asset-background-simple\">\n              <div style='background-image: url(\"https:\/\/www.csfs.aero\/wp-content\/uploads\/2018\/11\/fondo-gris.png\");'  class=\"vce-asset-background-simple-item vcv-lozad\" ><\/div>\n              <noscript>\n                &lt;div class=&quot;vce-asset-background-simple-item&quot; style=&quot;background-image: url(https:\/\/www.csfs.aero\/wp-content\/uploads\/2018\/11\/fondo-gris.png)&quot;&gt;&lt;\/div&gt;\n              <\/noscript>\n            <\/div><\/div><\/div><div class=\"vce-row-content\" data-vce-element-content=\"true\"><div class=\"vce-col vce-col--md-auto vce-col--xs-1 vce-col--xs-last vce-col--xs-first vce-col--sm-last vce-col--sm-first vce-col--md-first vce-col--lg-first vce-col--xl-first\" id=\"el-20d8c29c\"><div class=\"vce-col-inner\" data-vce-do-apply=\"border margin background  el-20d8c29c\"><div class=\"vce-col-content\" data-vce-element-content=\"true\" data-vce-do-apply=\"padding el-20d8c29c\"><div class=\"vce-text-block\"><div class=\"vce-text-block-wrapper vce\" id=\"el-2a4be3c7\" data-vce-do-apply=\"all el-2a4be3c7\" data-vce-animate=\"vce-o-animate--lightSpeedIn\"><h1 style=\"text-align: center;\"><strong><span style=\"color: #14409e;\">FLIGHT FOLLOWING<\/span><\/strong><\/h1><p class=\"text-color\" style=\"font-size: 16px; text-align: center;\"><span style=\"font-size: 14pt; color: #14409e;\">En caso de un cambio de ruta inesperado o una emergencia, estamos aqu\u00ed las 24 horas del d\u00eda, los 7 d\u00edas de la semana, para ayudar a su piloto con una nueva ruta, los permisos necesarios, apoyo en tierra e incluso para ayudarlo con las solicitudes de emergencia. Utilizamos una variedad de herramientas y sistemas para monitorear el progreso de su vuelo, desde la salida hasta la llegada a cualquier parte del mundo.<\/span><\/p><p class=\"text-color\" style=\"font-size: 16px; text-align: center;\"><span style=\"font-size: 14pt; color: #14409e;\">Solicite nuestro servicio de seguimiento de vuelos para todos sus vuelos. Sabemos qu\u00e9 tipo de avi\u00f3n vuela y hacia d\u00f3nde se dirige, perm\u00edtanos seguirlo desde el principio hasta el final de su vuelo para su tranquilidad.<\/span><\/p><\/div><\/div><\/div><\/div><\/div><div class=\"vce-col vce-col--md-auto vce-col--xs-1 vce-col--xs-last vce-col--xs-first vce-col--sm-last vce-col--sm-first vce-col--md-last vce-col--lg-last vce-col--xl-last\" id=\"el-a15ec47a\"><div class=\"vce-col-inner\" data-vce-do-apply=\"border margin background  el-a15ec47a\"><div class=\"vce-col-content\" data-vce-element-content=\"true\" data-vce-do-apply=\"padding el-a15ec47a\"><div class=\"vce-single-image-container vce-single-image--align-left\"><div class=\"vce vce-single-image-wrapper\" id=\"el-2fd38651\" data-vce-do-apply=\"all el-2fd38651\"><figure><div class=\"vce-single-image-figure-inner\" style=\"width: 934px;\"><div class=\"vce-single-image-inner vce-single-image--absolute vce-single-image--border-rounded\" style=\"width: 100%; padding-bottom: 97.430407%;\"><img fetchpriority=\"high\" decoding=\"async\" class=\"vce-single-image\"  width=\"934\" height=\"910\" srcset=\"https:\/\/www.csfs.aero\/wp-content\/uploads\/2022\/09\/WhatsApp-Image-2022-09-06-at-4.05.33-PM-2-e1663319052150-320x312.jpeg 320w, https:\/\/www.csfs.aero\/wp-content\/uploads\/2022\/09\/WhatsApp-Image-2022-09-06-at-4.05.33-PM-2-e1663319052150-480x468.jpeg 480w, https:\/\/www.csfs.aero\/wp-content\/uploads\/2022\/09\/WhatsApp-Image-2022-09-06-at-4.05.33-PM-2-e1663319052150-800x779.jpeg 800w, https:\/\/www.csfs.aero\/wp-content\/uploads\/2023\/04\/WhatsApp-Image-2022-09-06-at-4.05.33-PM-2-e1663319052150-934x910.jpeg 934w\" src=\"https:\/\/www.csfs.aero\/wp-content\/uploads\/2023\/04\/WhatsApp-Image-2022-09-06-at-4.05.33-PM-2-e1663319052150-934x910.jpeg\" data-img-src=\"https:\/\/www.csfs.aero\/wp-content\/uploads\/2022\/09\/WhatsApp-Image-2022-09-06-at-4.05.33-PM-2-e1663319052150.jpeg\" data-attachment-id=\"1982\"  alt=\"\" title=\"WhatsApp Image 2022-09-06 at 4.05.33 PM (2)\" \/><\/div><\/div><figcaption hidden=\"\"><\/figcaption><\/figure><\/div><\/div><\/div><\/div><\/div><\/div><\/div><\/div>","protected":false},"excerpt":{"rendered":"<p>&lt;div class=&#8221;vce-asset-background-simple-item&#8221; style=&#8221;background-image: url(https:\/\/www.csfs.aero\/wp-content\/uploads\/2018\/11\/fondo-gris.png)&#8221;&gt;&lt;\/div&gt; FLIGHT FOLLOWINGIn the event of an unexpected route change or emergency, we are here 24\/7, to support your pilot with a new route, necessary permits, ground support, and even to assist with emergency requests. We use a variety of tools and systems to monitor the progress of your flight, from departure [&hellip;]<\/p>\n","protected":false},"author":1,"featured_media":1679,"parent":150,"menu_order":0,"comment_status":"closed","ping_status":"closed","template":"page-templates\/page_front-page.php","meta":{"_monsterinsights_skip_tracking":false,"_monsterinsights_sitenote_active":false,"_monsterinsights_sitenote_note":"","_monsterinsights_sitenote_category":0,"footnotes":""},"class_list":["post-323","page","type-page","status-publish","has-post-thumbnail","hentry","entry","has-media"],"aioseo_notices":[],"jetpack_sharing_enabled":true,"_links":{"self":[{"href":"https:\/\/www.csfs.aero\/es\/wp-json\/wp\/v2\/pages\/323","targetHints":{"allow":["GET"]}}],"collection":[{"href":"https:\/\/www.csfs.aero\/es\/wp-json\/wp\/v2\/pages"}],"about":[{"href":"https:\/\/www.csfs.aero\/es\/wp-json\/wp\/v2\/types\/page"}],"author":[{"embeddable":true,"href":"https:\/\/www.csfs.aero\/es\/wp-json\/wp\/v2\/users\/1"}],"replies":[{"embeddable":true,"href":"https:\/\/www.csfs.aero\/es\/wp-json\/wp\/v2\/comments?post=323"}],"version-history":[{"count":0,"href":"https:\/\/www.csfs.aero\/es\/wp-json\/wp\/v2\/pages\/323\/revisions"}],"up":[{"embeddable":true,"href":"https:\/\/www.csfs.aero\/es\/wp-json\/wp\/v2\/pages\/150"}],"wp:featuredmedia":[{"embeddable":true,"href":"https:\/\/www.csfs.aero\/es\/wp-json\/wp\/v2\/media\/1679"}],"wp:attachment":[{"href":"https:\/\/www.csfs.aero\/es\/wp-json\/wp\/v2\/media?parent=323"}],"curies":[{"name":"wp","href":"https:\/\/api.w.org\/{rel}","templated":true}]}}