{"id":356,"date":"2018-01-30T21:19:38","date_gmt":"2018-01-31T02:19:38","guid":{"rendered":"http:\/\/localhost\/csfs\/?page_id=356"},"modified":"2023-04-20T14:11:43","modified_gmt":"2023-04-20T19:11:43","slug":"eapis-notifications","status":"publish","type":"page","link":"https:\/\/www.csfs.aero\/es\/trip-support\/eapis-notifications\/","title":{"rendered":""},"content":{"rendered":"<div class=\"vce-row-container\"><div class=\"vce-row vce-row--col-gap-30 vce-row-equal-height vce-row-content--top\" data-vce-full-width=\"true\" data-vce-stretch-content=\"true\" id=\"el-05cfad60\" data-vce-do-apply=\"all el-05cfad60\"><div class=\"vce-row-content\" data-vce-element-content=\"true\"><div class=\"vce-col vce-col--md-auto vce-col--xs-1 vce-col--xs-last vce-col--xs-first vce-col--sm-last vce-col--sm-first vce-col--md-last vce-col--lg-last vce-col--xl-last vce-col--md-first vce-col--lg-first vce-col--xl-first\" id=\"el-77da3c33\"><div class=\"vce-col-inner\" data-vce-do-apply=\"border margin background  el-77da3c33\"><div class=\"vce-col-content\" data-vce-element-content=\"true\" data-vce-do-apply=\"padding el-77da3c33\"><div class=\"vce-text-block\"><div class=\"vce-text-block-wrapper vce\" id=\"el-db58e739\" data-vce-do-apply=\"all el-db58e739\"><h4 style=\"text-align: center;\"><span style=\"font-family: Poppins; font-size: 24pt;\"><strong><span style=\"color: #14409e;\">EAPIS \/ NOTIFICATIONS<\/span><\/strong><\/span><\/h4><\/div><\/div><\/div><\/div><\/div><\/div><\/div><\/div><div class=\"vce-row-container\"><div class=\"vce-row vce-row--col-gap-30 vce-row-equal-height vce-row-content--top\" data-vce-full-width=\"true\" id=\"el-0bb56f93\" data-vce-do-apply=\"all el-0bb56f93\" data-vce-animate=\"vce-o-animate--pulse\" data-vce-stretch-content=\"true\"><div class=\"vce-content-background-container\"><div class=\"vce-asset-color-gradient-container vce-visible-all-only\" data-vce-do-apply=\"gradient el-0bb56f93\"><\/div><\/div><div class=\"vce-row-content\" data-vce-element-content=\"true\"><div class=\"vce-col vce-col--md-auto vce-col--xs-1 vce-col--xs-last vce-col--xs-first vce-col--sm-last vce-col--sm-first vce-col--md-last vce-col--lg-last vce-col--xl-last vce-col--md-first vce-col--lg-first vce-col--xl-first\" id=\"el-d544ed57\"><div class=\"vce-col-inner\" data-vce-do-apply=\"border margin background  el-d544ed57\"><div class=\"vce-col-content\" data-vce-element-content=\"true\" data-vce-do-apply=\"padding el-d544ed57\"><div class=\"vce-text-block\"><div class=\"vce-text-block-wrapper vce\" id=\"el-b1cca439\" data-vce-do-apply=\"all el-b1cca439\"><ul class=\"title-section\"><\/ul><p class=\"text-color\" style=\"font-size: 16px; text-align: center;\"><span style=\"color: #14409e; font-size: 14pt;\">Un n\u00famero creciente de pa\u00edses exige que todos los operadores y tripulaciones presenten Informaci\u00f3n Avanzada sobre Pasajeros (APIS) a las diferentes autoridades antes de cada vuelo que entre o salga de su pa\u00eds. El incumplimiento de estas regulaciones podr\u00eda resultar en multas y retrasos. Adem\u00e1s, algunos pa\u00edses requieren ser notificados dentro de los 30 minutos posteriores a la salida y despu\u00e9s de la puerta de la cabina.<\/span><\/p><p class=\"text-color\" style=\"font-size: 16px; text-align: center;\"><span style=\"color: #14409e; font-size: 14pt;\">Nuestro equipo se mantiene actualizado con los requisitos cambiantes y las situaciones pol\u00edticas en todo el mundo, y se asegura de que tenga los env\u00edos y notificaciones de eAPIS correctos para sus vuelos; ahorr\u00e1ndole tiempo, dinero y estr\u00e9s.<\/span><\/p><\/div><\/div><\/div><\/div><\/div><\/div><\/div><\/div><div class=\"vce-row-container\"><div class=\"vce-row vce-row--col-gap-30 vce-row-equal-height vce-row-content--top\" data-vce-full-width=\"true\" data-vce-stretch-content=\"true\" id=\"el-46819f3b\" data-vce-do-apply=\"all el-46819f3b\"><div class=\"vce-row-content\" data-vce-element-content=\"true\"><div class=\"vce-col vce-col--md-auto vce-col--xs-1 vce-col--xs-last vce-col--xs-first vce-col--sm-last vce-col--sm-first vce-col--md-last vce-col--lg-last vce-col--xl-last vce-col--md-first vce-col--lg-first vce-col--xl-first\" id=\"el-afa9fbac\"><div class=\"vce-col-inner\" data-vce-do-apply=\"border margin background  el-afa9fbac\"><div class=\"vce-col-content\" data-vce-element-content=\"true\" data-vce-do-apply=\"padding el-afa9fbac\"><div class=\"vce-text-block\"><div class=\"vce-text-block-wrapper vce\" id=\"el-387151de\" data-vce-do-apply=\"all el-387151de\" data-vce-animate=\"vce-o-animate--pulse\"><h4 style=\"text-align: center;\"><span style=\"color: #14409e; font-size: 24pt;\"><strong>CSFS OFRECE<\/strong><\/span><\/h4><\/div><\/div><\/div><\/div><\/div><\/div><\/div><\/div><div class=\"vce-row-container\"><div class=\"vce-row vce-element--has-background vce-row--col-gap-30 vce-row-equal-height vce-row-content--top\" data-vce-full-width=\"true\" data-vce-stretch-content=\"true\" id=\"el-26ada1af\" data-vce-do-apply=\"all el-26ada1af\"><div class=\"vce-content-background-container\"><div class=\"vce-asset-background-simple-container vce-visible-all-only vce-asset-background-simple--style-full-width vce-asset-background-simple--position-right-top\"><div class=\"vce-asset-background-simple\">\n              <div style='background-image: url(\"https:\/\/www.csfs.aero\/wp-content\/uploads\/2022\/08\/IMG-20220324-WA0036.jpg\");'  class=\"vce-asset-background-simple-item vcv-lozad\" ><\/div>\n              <noscript>\n                &lt;div class=&quot;vce-asset-background-simple-item&quot; style=&quot;background-image: url(https:\/\/www.csfs.aero\/wp-content\/uploads\/2022\/08\/IMG-20220324-WA0036.jpg)&quot;&gt;&lt;\/div&gt;\n              <\/noscript>\n            <\/div><\/div><\/div><div class=\"vce-row-content\" data-vce-element-content=\"true\"><div class=\"vce-col vce-col--md-auto vce-col--xs-1 vce-col--xs-last vce-col--xs-first vce-col--sm-last vce-col--sm-first vce-col--md-last vce-col--lg-last vce-col--xl-last vce-col--md-first vce-col--lg-first vce-col--xl-first\" id=\"el-7ef7d19e\"><div class=\"vce-col-inner\" data-vce-do-apply=\"border margin background  el-7ef7d19e\"><div class=\"vce-col-content\" data-vce-element-content=\"true\" data-vce-do-apply=\"padding el-7ef7d19e\"><div class=\"vce-text-block\"><div class=\"vce-text-block-wrapper vce\" id=\"el-99527e14\" data-vce-do-apply=\"all el-99527e14\" data-vce-animate=\"vce-o-animate--fadeInRight\"><h2 style=\"text-align: right;\"><strong><span style=\"font-family: Poppins; font-size: 16pt; color: #14409e;\">US eAPIS<\/span><\/strong><\/h2><\/div><\/div><div class=\"vce-text-block\"><div class=\"vce-text-block-wrapper vce\" id=\"el-498dd548\" data-vce-do-apply=\"all el-498dd548\" data-vce-animate=\"vce-o-animate--fadeInRight\"><h2 style=\"text-align: right;\"><strong><span style=\"font-size: 16pt; color: #14409e;\">Caribbean CARICOM<\/span><\/strong><\/h2><\/div><\/div><div class=\"vce-text-block\"><div class=\"vce-text-block-wrapper vce\" id=\"el-7ce4b2a9\" data-vce-do-apply=\"all el-7ce4b2a9\" data-vce-animate=\"vce-o-animate--fadeInRight\"><h2 style=\"text-align: right;\"><strong><span style=\"color: #14409e; font-size: 16pt;\">Colombian APIS<\/span><\/strong><\/h2><\/div><\/div><div class=\"vce-text-block\"><div class=\"vce-text-block-wrapper vce\" id=\"el-ac4687f5\" data-vce-do-apply=\"all el-ac4687f5\" data-vce-animate=\"vce-o-animate--fadeInRight\"><h2 style=\"text-align: right;\"><strong><span style=\"font-size: 16pt; color: #14409e;\">Mexican APIS<\/span><\/strong><\/h2><\/div><\/div><div class=\"vce-text-block\"><div class=\"vce-text-block-wrapper vce\" id=\"el-0546fbd5\" data-vce-do-apply=\"all el-0546fbd5\" data-vce-animate=\"vce-o-animate--fadeInRight\"><h2 style=\"text-align: right;\"><strong><span style=\"font-size: 16pt; color: #14409e;\">Canadian API\/PNR<\/span><\/strong><\/h2><\/div><\/div><div class=\"vce vce-separator-container vce-separator--align-center vce-separator--style-shadow\" id=\"el-8a989f82\" data-vce-do-apply=\"margin el-8a989f82\"><div class=\"vce-separator vce-separator--color-bfc0c1 vce-separator--width-60 vce-separator--thickness-1\" data-vce-do-apply=\"border padding background  el-8a989f82\"><div class=\"vce-separator-shadow vce-separator-shadow-left\"><\/div><div class=\"vce-separator-shadow vce-separator-shadow-right\"><\/div><\/div><\/div><\/div><\/div><\/div><\/div><\/div><\/div><div class=\"vce-row-container\" data-vce-boxed-width=\"true\"><div class=\"vce-row vce-row--col-gap-30 vce-row-equal-height vce-row-content--top\" id=\"el-6eaf4bc2\" data-vce-do-apply=\"all el-6eaf4bc2\"><div class=\"vce-row-content\" data-vce-element-content=\"true\"><div class=\"vce-col vce-col--md-auto vce-col--xs-1 vce-col--xs-last vce-col--xs-first vce-col--sm-last vce-col--sm-first vce-col--md-last vce-col--lg-last vce-col--xl-last vce-col--md-first vce-col--lg-first vce-col--xl-first\" id=\"el-0ad0b71f\"><div class=\"vce-col-inner\" data-vce-do-apply=\"border margin background  el-0ad0b71f\"><div class=\"vce-col-content\" data-vce-element-content=\"true\" data-vce-do-apply=\"padding el-0ad0b71f\"><div><\/div><\/div><\/div><\/div><\/div><\/div><\/div>","protected":false},"excerpt":{"rendered":"<p>EAPIS \/ NOTIFICATIONSA growing number of countries requires all operators and crews to submit Advanced Passenger Information (APIS) to the different authorities before every flight entering or exiting their country. Failure to comply with these regulations could result in fines and delays. Additionally, some countries required to be notified within 30 minutes of departure and [&hellip;]<\/p>\n","protected":false},"author":1,"featured_media":1660,"parent":150,"menu_order":0,"comment_status":"closed","ping_status":"closed","template":"","meta":{"_monsterinsights_skip_tracking":false,"_monsterinsights_sitenote_active":false,"_monsterinsights_sitenote_note":"","_monsterinsights_sitenote_category":0,"footnotes":""},"class_list":["post-356","page","type-page","status-publish","has-post-thumbnail","hentry","entry","has-media"],"aioseo_notices":[],"jetpack_sharing_enabled":true,"_links":{"self":[{"href":"https:\/\/www.csfs.aero\/es\/wp-json\/wp\/v2\/pages\/356","targetHints":{"allow":["GET"]}}],"collection":[{"href":"https:\/\/www.csfs.aero\/es\/wp-json\/wp\/v2\/pages"}],"about":[{"href":"https:\/\/www.csfs.aero\/es\/wp-json\/wp\/v2\/types\/page"}],"author":[{"embeddable":true,"href":"https:\/\/www.csfs.aero\/es\/wp-json\/wp\/v2\/users\/1"}],"replies":[{"embeddable":true,"href":"https:\/\/www.csfs.aero\/es\/wp-json\/wp\/v2\/comments?post=356"}],"version-history":[{"count":0,"href":"https:\/\/www.csfs.aero\/es\/wp-json\/wp\/v2\/pages\/356\/revisions"}],"up":[{"embeddable":true,"href":"https:\/\/www.csfs.aero\/es\/wp-json\/wp\/v2\/pages\/150"}],"wp:featuredmedia":[{"embeddable":true,"href":"https:\/\/www.csfs.aero\/es\/wp-json\/wp\/v2\/media\/1660"}],"wp:attachment":[{"href":"https:\/\/www.csfs.aero\/es\/wp-json\/wp\/v2\/media?parent=356"}],"curies":[{"name":"wp","href":"https:\/\/api.w.org\/{rel}","templated":true}]}}