{"id":372,"date":"2022-08-21T21:39:00","date_gmt":"2022-08-22T02:39:00","guid":{"rendered":"http:\/\/localhost\/csfs\/?page_id=372"},"modified":"2023-04-20T12:19:59","modified_gmt":"2023-04-20T17:19:59","slug":"fbo-fixed-based-operator","status":"publish","type":"page","link":"https:\/\/www.csfs.aero\/es\/fbo-fixed-based-operator\/","title":{"rendered":"CSFS tiene su sede principal en Cartagena Colombia, con 20 a\u00f1os de experiencia, asegurandose que nuestros clientes reciban el servicio de calidad y compromiso que briendamos, superando los est\u00e1ndares en la aviaci\u00f3n ejecutiva.\nAl ofrecer una amplia gama de servicios, somos su \u00fanica fuente de solucion para todas sus necesidades operativas, desde el aterrizaje hasta el arranque, todos los servicios se cumplen con dedicaci\u00f3n constante, confiabilidad y con sentido de pertenencia.\nDurante los \u00faltimos 20 a\u00f1os, CSFS ha cumplido con \u00e9xito todas las necesidades que se han presentado en la comunidad de aviaci\u00f3n comercial nacional e international."},"content":{"rendered":"<div class=\"vce-row-container\"><div class=\"vce-row vce-element--has-background vce-row--col-gap-0 vce-row-content--middle\" data-vce-full-width=\"true\" data-vce-stretch-content=\"true\" id=\"el-66351c96\" data-vce-do-apply=\"all el-66351c96\" data-vce-animate=\"vce-o-animate--slideInLeft\"><div class=\"vce-content-background-container\"><div class=\"vce-asset-parallax-container vce-visible-all-only\" data-vce-assets-parallax-mouse-move=\".vce-asset-parallax\" data-vce-assets-parallax-mouse-move-element=\"66351c96\" data-vce-assets-parallax-reverse=\"false\"><div class=\"vce-asset-parallax vce-asset-parallax-mouse-move\" style=\"inset: -30vh -30vw; transform: translate(0px, 0px);\"><div class=\"vce-asset-background-slider-container vce-visible-all-only vce-asset-background-slider--style-cover vce-asset-background-slider--position-center-top\"><div class=\"vce-asset-background-slider\" data-vce-assets-slider=\"5\" data-vce-assets-slider-effect=\"slide\" data-vce-assets-slider-slides=\".vce-asset-background-slider-items\" data-vce-assets-slider-slide=\".vce-asset-background-slider-item\"><div class=\"vce-asset-background-slider-items\">\n              <div style='background-image: url(\"https:\/\/www.csfs.aero\/wp-content\/uploads\/2019\/02\/back-contact-us-09.jpg\");'  class=\"vce-asset-background-slider-item vcv-lozad\" ><\/div>\n              <noscript>\n                &lt;div class=&quot;vce-asset-background-slider-item&quot; style=&quot;background-image: url(https:\/\/www.csfs.aero\/wp-content\/uploads\/2019\/02\/back-contact-us-09.jpg); visibility: visible;&quot;&gt;&lt;\/div&gt;\n              <\/noscript>\n            <\/div><\/div><\/div><\/div><\/div><\/div><div class=\"vce-row-content\" data-vce-element-content=\"true\"><div class=\"vce-col vce-col--md-auto vce-col--xs-1 vce-col--xs-last vce-col--xs-first vce-col--sm-last vce-col--sm-first vce-col--md-last vce-col--lg-last vce-col--xl-last vce-col--md-first vce-col--lg-first vce-col--xl-first\" id=\"el-dfc47533\"><div class=\"vce-col-inner\" data-vce-do-apply=\"border margin background  el-dfc47533\"><div class=\"vce-col-content\" data-vce-element-content=\"true\" data-vce-do-apply=\"padding el-dfc47533\"><div class=\"vce-text-block\"><div class=\"vce-text-block-wrapper vce\" id=\"el-7ecd0687\" data-vce-do-apply=\"all el-7ecd0687\"><h2 style=\"text-align: center; line-height: 1;\"><strong><span style=\"color: #a2b1bf;\">F B O<\/span><\/strong><\/h2><p style=\"text-align: center; line-height: 1;\"><span style=\"font-family: Poppins; color: #a2b1bf; font-size: 16pt;\"><strong>(Fixed Based Operator)<\/strong><\/span><\/p><\/div><\/div><\/div><\/div><\/div><\/div><\/div><\/div><div class=\"vce-row-container\" data-vce-boxed-width=\"true\"><div class=\"vce-row vce-row--col-gap-30 vce-row-equal-height vce-row-content--top\" id=\"el-49a82e47\" data-vce-do-apply=\"all el-49a82e47\"><div class=\"vce-row-content\" data-vce-element-content=\"true\"><div class=\"vce-col vce-col--md-auto vce-col--xs-1 vce-col--xs-last vce-col--xs-first vce-col--sm-last vce-col--sm-first vce-col--md-last vce-col--lg-last vce-col--xl-last vce-col--md-first vce-col--lg-first vce-col--xl-first\" id=\"el-48731138\"><div class=\"vce-col-inner\" data-vce-do-apply=\"border margin background  el-48731138\"><div class=\"vce-col-content\" data-vce-element-content=\"true\" data-vce-do-apply=\"padding el-48731138\"><div class=\"vce vce-separator-with-icon-container vce-separator-with-icon--align-center\" id=\"el-4f606e75\" data-vce-do-apply=\"margin el-4f606e75\"><div class=\"vce-separator-with-icon vce-separator-with-icon--color-bfc0c1 vce-separator-with-icon--width-100\" data-vce-do-apply=\"border padding background  el-4f606e75\"><div class=\"vce-separator-with-icon--line vce-separator-with-icon--line--style-dashed vce-separator-with-icon-line--thickness-2 vce-separator-with-icon--line-left\"><\/div><div class=\"vce-separator-with-icon--icon vce-icon vce-separator-with-icon--icon--style-shape-outlined-underlined vce-separator-with-icon--icon--style-size-medium vce-separator-with-icon--icon--style-color-b-145-30-55 vce-separator-with-icon--icon--style-shape-color-b-8-41-110\"><svg xmlns=\"https:\/\/www.w3.org\/2000\/svg\" viewbox=\"0 0 769 769\"><path stroke-width=\"40\" d=\"M565.755 696.27h-360l-180-311.77 180-311.77h360l180 311.77z\"><\/path><\/svg><span class=\"vce-icon-container fas fa-plane-departure\"><\/span><\/div><div class=\"vce-separator-with-icon--line vce-separator-with-icon--line--style-dashed vce-separator-with-icon-line--thickness-2 vce-separator-with-icon--line-right\"><\/div><\/div><\/div><\/div><\/div><\/div><\/div><\/div><\/div><div class=\"vce-row-container\"><div class=\"vce-row vce-element--has-background vce-row--col-gap-0 vce-row-equal-height vce-row-content--top\" data-vce-full-width=\"true\" id=\"el-74063bf7\" data-vce-do-apply=\"all el-74063bf7\" data-vce-animate=\"vce-o-animate--slideInLeft\"><div class=\"vce-content-background-container\"><div class=\"vce-asset-parallax-container vce-visible-all-only\" data-vce-assets-parallax-mouse-move=\".vce-asset-parallax\" data-vce-assets-parallax-mouse-move-element=\"74063bf7\" data-vce-assets-parallax-reverse=\"false\"><div class=\"vce-asset-parallax vce-asset-parallax-mouse-move\" style=\"inset: -30vh -30vw; transform: translate(360px, 35.59375px);\"><div class=\"vce-asset-background-simple-container vce-visible-all-only vce-asset-background-simple--style-cover vce-asset-background-simple--position-center-top\"><div class=\"vce-asset-background-simple\">\n              <div style='background-image: url(\"https:\/\/www.csfs.aero\/wp-content\/uploads\/2019\/02\/back-contact-us-09.jpg\");'  class=\"vce-asset-background-simple-item vcv-lozad\" ><\/div>\n              <noscript>\n                &lt;div class=&quot;vce-asset-background-simple-item&quot; style=&quot;background-image: url(https:\/\/www.csfs.aero\/wp-content\/uploads\/2019\/02\/back-contact-us-09.jpg)&quot;&gt;&lt;\/div&gt;\n              <\/noscript>\n            <\/div><\/div><\/div><\/div><\/div><div class=\"vce-row-content\" data-vce-element-content=\"true\"><div class=\"vce-col vce-col--md-auto vce-col--xs-1 vce-col--xs-last vce-col--xs-first vce-col--sm-last vce-col--sm-first vce-col--md-last vce-col--lg-last vce-col--xl-last vce-col--md-first vce-col--lg-first vce-col--xl-first\" id=\"el-a76fb4ca\"><div class=\"vce-col-inner\" data-vce-do-apply=\"border margin background  el-a76fb4ca\"><div class=\"vce-col-content\" data-vce-element-content=\"true\" data-vce-do-apply=\"padding el-a76fb4ca\"><div class=\"vce-text-block\"><div class=\"vce-text-block-wrapper vce\" id=\"el-92ae769d\" data-vce-do-apply=\"all el-92ae769d\"><p style=\"text-align: center;\"><span style=\"font-size: 14pt; color: #a2b1bf;\">CSFS tiene su sede principal en Cartagena Colombia, con 20 a\u00f1os de experiencia, asegurandose que nuestros clientes reciban un servicio comprometido de calidad, superando los est\u00e1ndares en la aviaci\u00f3n ejecutiva.<\/span><span style=\"font-size: 14pt; color: #a2b1bf;\">Al ofrecer una amplia gama de servicios, seremos su \u00fanica fuente de soluciones para todas sus necesidades operativas, desde el aterrizaje hasta el arranque, todos los servicios se cumplen con dedicaci\u00f3n constante, confiabilidad y con sentido de pertenencia. \nDurante los \u00faltimos 20 a\u00f1os, CSFS ha cumplido a cabalidad con el servicio requerido para cubrir las necesidades para la comunidad de aviaci\u00f3n comercial nacional e internacional. <\/span><\/p><p style=\"text-align: center;\"><span style=\"font-size: 14pt; color: #a2b1bf;\">Estamos certificados por la Autoridad de Aviaci\u00f3n Civil de Colombia (AEROCIVIL), Yendo m\u00e1s all\u00e1 en cuanto a la capacitaci\u00f3n de todo nuestro personal bajo los lineamientos internacionales para obtener el nivel de servicio que nuestros clientes esperan y merecen.<\/span><\/p><\/div><\/div><\/div><\/div><\/div><\/div><\/div><\/div><div class=\"vce-row-container\" data-vce-boxed-width=\"true\"><div class=\"vce-row vce-row--col-gap-30 vce-row-equal-height vce-row-content--top\" id=\"el-29932175\" data-vce-do-apply=\"all el-29932175\"><div class=\"vce-content-background-container\"><\/div><div class=\"vce-row-content\" data-vce-element-content=\"true\"><div class=\"vce-col vce-col--md-auto vce-col--xs-1 vce-col--xs-last vce-col--xs-first vce-col--sm-last vce-col--sm-first vce-col--md-last vce-col--lg-last vce-col--xl-last vce-col--md-first vce-col--lg-first vce-col--xl-first\" id=\"el-88c52714\"><div class=\"vce-col-inner\" data-vce-do-apply=\"border margin background  el-88c52714\"><div class=\"vce-col-content\" data-vce-element-content=\"true\" data-vce-do-apply=\"padding el-88c52714\"><div class=\"vce-simple-image-slider\" style=\"--backgroundPosition: center center; --pointerColor: #fff; --pointerColorHover: rgb(8, 41, 110); --arrowColor: rgba(255, 255, 255, 0.5); --arrowColorHover: #fff;\"><div class=\"vce-simple-image-slider-wrapper vce vce-simple-image-slider-shape--rounded\" id=\"el-5073c082\" data-vce-do-apply=\"all el-5073c082\"><div class=\"vce-simple-image-slider-helper vce-simple-image-slider-aspect-ratio--custom\" style=\"padding-top: 40%;\"><div class=\"vce-simple-image-slider-list\" data-slick-autoplay=\"on\" data-slick-autoplay-delay=\"5000\" data-slick-effect=\"slideIn\" data-slick-dots=\"off\" data-slick-arrows=\"on\"><div class=\"slick-list\"><div class=\"vce-simple-image-slider-arrow vce-simple-image-slider-prev-arrow\"><svg width=\"16px\" height=\"25px\" viewbox=\"0 0 16 25\"><polygon id=\"Prev-Arrow\" points=\"12.3743687 5.68434189e-14 0 12.3743687 12.0208153 24.395184 14.1421356 22.2738636 4.31790889 12.4496369 14.5709572 2.19658855\"><\/polygon><\/svg><\/div><div class=\"slick-track\"><div class=\"vce-simple-image-slider-item vc-slick-item\"><a href=\"https:\/\/www.csfs.aero\/wp-content\/uploads\/2022\/08\/IMG-20210902-WA0119.jpg\" data-lightbox=\"lightbox-5073c082\" style=\"background-image:url(https:\/\/www.csfs.aero\/wp-content\/uploads\/2022\/08\/IMG-20210902-WA0119.jpg)\" class=\"vce-simple-image-slider-img vce-simple-image-slider-img--scale\"><img decoding=\"async\" class=\"\" src=\"https:\/\/www.csfs.aero\/wp-content\/uploads\/2022\/08\/IMG-20210902-WA0119.jpg\" style=\"opacity:0\" alt=\"\"><\/a><\/div><div class=\"vce-simple-image-slider-item vc-slick-item\"><a href=\"https:\/\/www.csfs.aero\/wp-content\/uploads\/2022\/08\/IMG-20210925-WA0030.jpg\" data-lightbox=\"lightbox-5073c082\" style=\"background-image:url(https:\/\/www.csfs.aero\/wp-content\/uploads\/2022\/08\/IMG-20210925-WA0030.jpg)\" class=\"vce-simple-image-slider-img vce-simple-image-slider-img--scale\"><img decoding=\"async\" class=\"\" src=\"https:\/\/www.csfs.aero\/wp-content\/uploads\/2022\/08\/IMG-20210925-WA0030.jpg\" style=\"opacity:0\" alt=\"\"><\/a><\/div><div class=\"vce-simple-image-slider-item vc-slick-item\"><a href=\"https:\/\/www.csfs.aero\/wp-content\/uploads\/2022\/08\/IMG-20211202-WA0166.jpg\" data-lightbox=\"lightbox-5073c082\" style=\"background-image:url(https:\/\/www.csfs.aero\/wp-content\/uploads\/2022\/08\/IMG-20211202-WA0166.jpg)\" class=\"vce-simple-image-slider-img vce-simple-image-slider-img--scale\"><img decoding=\"async\" class=\"\" src=\"https:\/\/www.csfs.aero\/wp-content\/uploads\/2022\/08\/IMG-20211202-WA0166.jpg\" style=\"opacity:0\" alt=\"\"><\/a><\/div><div class=\"vce-simple-image-slider-item vc-slick-item\"><a href=\"https:\/\/www.csfs.aero\/wp-content\/uploads\/2022\/08\/IMG-20220205-WA0033.jpg\" data-lightbox=\"lightbox-5073c082\" style=\"background-image:url(https:\/\/www.csfs.aero\/wp-content\/uploads\/2022\/08\/IMG-20220205-WA0033.jpg)\" class=\"vce-simple-image-slider-img vce-simple-image-slider-img--scale\"><img decoding=\"async\" class=\"\" src=\"https:\/\/www.csfs.aero\/wp-content\/uploads\/2022\/08\/IMG-20220205-WA0033.jpg\" style=\"opacity:0\" alt=\"\"><\/a><\/div><div class=\"vce-simple-image-slider-item vc-slick-item\"><a href=\"https:\/\/www.csfs.aero\/wp-content\/uploads\/2022\/08\/IMG-20220710-WA0017.jpg\" data-lightbox=\"lightbox-5073c082\" style=\"background-image:url(https:\/\/www.csfs.aero\/wp-content\/uploads\/2022\/08\/IMG-20220710-WA0017.jpg)\" class=\"vce-simple-image-slider-img vce-simple-image-slider-img--scale\"><img decoding=\"async\" class=\"\" src=\"https:\/\/www.csfs.aero\/wp-content\/uploads\/2022\/08\/IMG-20220710-WA0017.jpg\" style=\"opacity:0\" alt=\"\"><\/a><\/div><div class=\"vce-simple-image-slider-item vc-slick-item\"><a href=\"https:\/\/www.csfs.aero\/wp-content\/uploads\/2022\/08\/IMG-20220327-WA0011.jpg\" data-lightbox=\"lightbox-5073c082\" style=\"background-image:url(https:\/\/www.csfs.aero\/wp-content\/uploads\/2022\/08\/IMG-20220327-WA0011.jpg)\" class=\"vce-simple-image-slider-img vce-simple-image-slider-img--scale\"><img decoding=\"async\" class=\"\" src=\"https:\/\/www.csfs.aero\/wp-content\/uploads\/2022\/08\/IMG-20220327-WA0011.jpg\" style=\"opacity:0\" alt=\"\"><\/a><\/div><div class=\"vce-simple-image-slider-item vc-slick-item\"><a href=\"https:\/\/www.csfs.aero\/wp-content\/uploads\/2022\/08\/IMG-20220324-WA0097.jpg\" data-lightbox=\"lightbox-5073c082\" style=\"background-image:url(https:\/\/www.csfs.aero\/wp-content\/uploads\/2022\/08\/IMG-20220324-WA0097.jpg)\" class=\"vce-simple-image-slider-img vce-simple-image-slider-img--scale\"><img decoding=\"async\" class=\"\" src=\"https:\/\/www.csfs.aero\/wp-content\/uploads\/2022\/08\/IMG-20220324-WA0097.jpg\" style=\"opacity:0\" alt=\"\"><\/a><\/div><div class=\"vce-simple-image-slider-item vc-slick-item\"><a href=\"https:\/\/www.csfs.aero\/wp-content\/uploads\/2022\/08\/IMG-20220823-WA0023.jpg\" data-lightbox=\"lightbox-5073c082\" style=\"background-image:url(https:\/\/www.csfs.aero\/wp-content\/uploads\/2022\/08\/IMG-20220823-WA0023.jpg)\" class=\"vce-simple-image-slider-img vce-simple-image-slider-img--scale\"><img decoding=\"async\" class=\"\" src=\"https:\/\/www.csfs.aero\/wp-content\/uploads\/2022\/08\/IMG-20220823-WA0023.jpg\" style=\"opacity:0\" alt=\"\"><\/a><\/div><div class=\"vce-simple-image-slider-item vc-slick-item\"><a href=\"https:\/\/www.csfs.aero\/wp-content\/uploads\/2022\/08\/IMG-20220301-WA0090-1.png\" data-lightbox=\"lightbox-5073c082\" style=\"background-image:url(https:\/\/www.csfs.aero\/wp-content\/uploads\/2022\/08\/IMG-20220301-WA0090-1.png)\" class=\"vce-simple-image-slider-img vce-simple-image-slider-img--scale\"><img decoding=\"async\" class=\"\" src=\"https:\/\/www.csfs.aero\/wp-content\/uploads\/2022\/08\/IMG-20220301-WA0090-1.png\" style=\"opacity:0\" alt=\"\"><\/a><\/div><div class=\"vce-simple-image-slider-item vc-slick-item\"><a href=\"https:\/\/www.csfs.aero\/wp-content\/uploads\/2022\/08\/IMG-20210803-WA0060-1.jpg\" data-lightbox=\"lightbox-5073c082\" style=\"background-image:url(https:\/\/www.csfs.aero\/wp-content\/uploads\/2022\/08\/IMG-20210803-WA0060-1.jpg)\" class=\"vce-simple-image-slider-img vce-simple-image-slider-img--scale\"><img decoding=\"async\" class=\"\" src=\"https:\/\/www.csfs.aero\/wp-content\/uploads\/2022\/08\/IMG-20210803-WA0060-1.jpg\" style=\"opacity:0\" alt=\"\"><\/a><\/div><div class=\"vce-simple-image-slider-item vc-slick-item\"><a href=\"https:\/\/www.csfs.aero\/wp-content\/uploads\/2022\/08\/IMG-20220324-WA0107.jpg\" data-lightbox=\"lightbox-5073c082\" style=\"background-image:url(https:\/\/www.csfs.aero\/wp-content\/uploads\/2022\/08\/IMG-20220324-WA0107.jpg)\" class=\"vce-simple-image-slider-img vce-simple-image-slider-img--scale\"><img decoding=\"async\" class=\"\" src=\"https:\/\/www.csfs.aero\/wp-content\/uploads\/2022\/08\/IMG-20220324-WA0107.jpg\" style=\"opacity:0\" alt=\"\"><\/a><\/div><div class=\"vce-simple-image-slider-item vc-slick-item\"><a href=\"https:\/\/www.csfs.aero\/wp-content\/uploads\/2022\/08\/IMG-20211014-WA0048.jpg\" data-lightbox=\"lightbox-5073c082\" style=\"background-image:url(https:\/\/www.csfs.aero\/wp-content\/uploads\/2022\/08\/IMG-20211014-WA0048.jpg)\" class=\"vce-simple-image-slider-img vce-simple-image-slider-img--scale\"><img decoding=\"async\" class=\"\" src=\"https:\/\/www.csfs.aero\/wp-content\/uploads\/2022\/08\/IMG-20211014-WA0048.jpg\" style=\"opacity:0\" alt=\"\"><\/a><\/div><div class=\"vce-simple-image-slider-item vc-slick-item\"><a href=\"https:\/\/www.csfs.aero\/wp-content\/uploads\/2022\/08\/IMG-20210902-WA0110.jpg\" data-lightbox=\"lightbox-5073c082\" style=\"background-image:url(https:\/\/www.csfs.aero\/wp-content\/uploads\/2022\/08\/IMG-20210902-WA0110.jpg)\" class=\"vce-simple-image-slider-img vce-simple-image-slider-img--scale\"><img decoding=\"async\" class=\"\" src=\"https:\/\/www.csfs.aero\/wp-content\/uploads\/2022\/08\/IMG-20210902-WA0110.jpg\" style=\"opacity:0\" alt=\"\"><\/a><\/div><\/div><div class=\"vce-simple-image-slider-arrow vce-simple-image-slider-next-arrow\"><svg width=\"16px\" height=\"25px\" viewbox=\"0 0 16 25\"><polygon id=\"Next-Arrow\" points=\"3.02081528 24.395184 15.395184 12.0208153 3.37436867 1.13686838e-13 1.25304833 2.12132034 11.0772751 11.9455471 0.824226734 22.1985954\"><\/polygon><\/svg><\/div><\/div><\/div><div class=\"vce-simple-image-slider-dots\"><\/div><\/div><\/div><\/div><\/div><\/div><\/div><\/div><\/div><\/div><div class=\"vce-row-container\" data-vce-boxed-width=\"true\"><div class=\"vce-row vce-row--col-gap-30 vce-row-equal-height vce-row-content--bottom\" id=\"el-0caf802d\" data-vce-do-apply=\"all el-0caf802d\"><div class=\"vce-content-background-container\"><\/div><div class=\"vce-row-content\" data-vce-element-content=\"true\"><div class=\"vce-col vce-col--md-auto vce-col--xs-1 vce-col--xs-last vce-col--xs-first vce-col--sm-last vce-col--sm-first vce-col--md-last vce-col--lg-last vce-col--xl-last vce-col--md-first vce-col--lg-first vce-col--xl-first\" id=\"el-44652c5a\"><div class=\"vce-col-inner\" data-vce-do-apply=\"border margin background  el-44652c5a\"><div class=\"vce-content-background-container\"><\/div><div class=\"vce-col-content\" data-vce-element-content=\"true\" data-vce-do-apply=\"padding el-44652c5a\"><div class=\"vce-text-block\"><div class=\"vce-text-block-wrapper vce\" id=\"el-d296f739\" data-vce-do-apply=\"all el-d296f739\"><p style=\"line-height: 0.75; text-align: center;\"><span style=\"font-style: normal; font-size: 18pt; font-family: Poppins;\">Necesitas este servicio?<\/span><\/p><p style=\"line-height: 0.75; text-align: center;\"><span style=\"font-size: 16pt; font-family: Poppins;\">Permitenos ayudarte!<\/span><\/p><\/div><\/div><div class=\"vce-button--style-basic-container vce-button--style-basic-container--align-center\"><span class=\"vce-button--style-basic-wrapper vce\" id=\"el-c06e2f7c\" data-vce-do-apply=\"margin el-c06e2f7c\"><a class=\"vce-button vce-button--style-basic vce-button--style-basic--border-round vce-button--style-basic--size-large vce-button--style-basic--color-b-20-64-158--fff vce-button--style-basic--hover-color-b-218-218-218--b-20-64-158\" href=\"https:\/\/www.csfs.aero\/es\/contact-us\/\" title=\"\" data-vce-do-apply=\"padding border background  el-c06e2f7c\">REQUERIR SERVICIO<\/a><\/span><\/div><div class=\"vce-single-image-container vce-single-image--align-center\"><div style='background-image: url(\"https:\/\/www.csfs.aero\/wp-content\/uploads\/2018\/11\/fondo1-1200.png\");'  class=\"vce vce-single-image-wrapper\" id=\"el-8cd12f40\" data-vce-background-image-all=\"https:\/\/www.csfs.aero\/wp-content\/uploads\/2018\/11\/fondo1-1200.png\" data-vce-background-image=\"all\"  data-vce-do-apply=\"all el-8cd12f40\"><figure><div class=\"vce-single-image-figure-inner\" style=\"width: 200px;\"><div class=\"vce-single-image-inner vce-single-image--absolute vce-single-image--border-rounded\" style=\"width: 100%; padding-bottom: 150%;\"><img fetchpriority=\"high\" decoding=\"async\" class=\"vce-single-image\"  width=\"200\" height=\"300\" srcset=\"https:\/\/www.csfs.aero\/wp-content\/uploads\/2018\/02\/Dise\u00f1o-Web-12-e1661130313530-200x300.png 200w, https:\/\/www.csfs.aero\/wp-content\/uploads\/2018\/02\/Dise\u00f1o-Web-12-e1661130313530-320x480.png 320w, https:\/\/www.csfs.aero\/wp-content\/uploads\/2018\/02\/Dise\u00f1o-Web-12-e1661130313530-480x720.png 480w, https:\/\/www.csfs.aero\/wp-content\/uploads\/2023\/04\/Dise\u00f1o-Web-12-e1661130313530-800x1200.png 800w\" src=\"https:\/\/www.csfs.aero\/wp-content\/uploads\/2018\/02\/Dise\u00f1o-Web-12-e1661130313530-200x300.png\" data-img-src=\"https:\/\/www.csfs.aero\/wp-content\/uploads\/2018\/02\/Dise\u00f1o-Web-12-e1661130313530.png\" data-attachment-id=\"588\"  alt=\"\" title=\"Dise\u00f1o Web-12\" \/><\/div><\/div><figcaption hidden=\"\"><\/figcaption><\/figure><\/div><\/div><\/div><\/div><\/div><\/div><\/div><\/div>","protected":false},"excerpt":{"rendered":"<p>&lt;div class=&#8221;vce-asset-background-slider-item&#8221; style=&#8221;background-image: url(https:\/\/www.csfs.aero\/wp-content\/uploads\/2019\/02\/back-contact-us-09.jpg); visibility: visible;&#8221;&gt;&lt;\/div&gt; F B O(Fixed Based Operator) &lt;div class=&#8221;vce-asset-background-simple-item&#8221; style=&#8221;background-image: url(https:\/\/www.csfs.aero\/wp-content\/uploads\/2019\/02\/back-contact-us-09.jpg)&#8221;&gt;&lt;\/div&gt; CSFS is Headquarter in Cartagena Colombia, drawing 20 years of experience, ensuring that our clients receive our service commitment exceeding the standards of business aviation. By offering a wide range of services, we will be your single source for all [&hellip;]<\/p>\n","protected":false},"author":1,"featured_media":834,"parent":0,"menu_order":0,"comment_status":"closed","ping_status":"closed","template":"page-templates\/page_front-page.php","meta":{"_monsterinsights_skip_tracking":false,"_monsterinsights_sitenote_active":false,"_monsterinsights_sitenote_note":"","_monsterinsights_sitenote_category":0,"footnotes":""},"class_list":["post-372","page","type-page","status-publish","has-post-thumbnail","hentry","entry","has-media"],"aioseo_notices":[],"jetpack_sharing_enabled":true,"_links":{"self":[{"href":"https:\/\/www.csfs.aero\/es\/wp-json\/wp\/v2\/pages\/372","targetHints":{"allow":["GET"]}}],"collection":[{"href":"https:\/\/www.csfs.aero\/es\/wp-json\/wp\/v2\/pages"}],"about":[{"href":"https:\/\/www.csfs.aero\/es\/wp-json\/wp\/v2\/types\/page"}],"author":[{"embeddable":true,"href":"https:\/\/www.csfs.aero\/es\/wp-json\/wp\/v2\/users\/1"}],"replies":[{"embeddable":true,"href":"https:\/\/www.csfs.aero\/es\/wp-json\/wp\/v2\/comments?post=372"}],"version-history":[{"count":0,"href":"https:\/\/www.csfs.aero\/es\/wp-json\/wp\/v2\/pages\/372\/revisions"}],"wp:featuredmedia":[{"embeddable":true,"href":"https:\/\/www.csfs.aero\/es\/wp-json\/wp\/v2\/media\/834"}],"wp:attachment":[{"href":"https:\/\/www.csfs.aero\/es\/wp-json\/wp\/v2\/media?parent=372"}],"curies":[{"name":"wp","href":"https:\/\/api.w.org\/{rel}","templated":true}]}}