{"id":414,"date":"2018-01-31T14:52:55","date_gmt":"2018-01-31T19:52:55","guid":{"rendered":"http:\/\/localhost\/csfs\/?page_id=414"},"modified":"2023-04-20T13:10:17","modified_gmt":"2023-04-20T18:10:17","slug":"ground-handling","status":"publish","type":"page","link":"https:\/\/www.csfs.aero\/es\/ground-handling\/","title":{"rendered":"GROUND HANDLING"},"content":{"rendered":"<div class=\"vce-row-container\" data-vce-boxed-width=\"true\"><div class=\"vce-row vce-row--col-gap-30 vce-row-equal-height vce-row-content--top\" id=\"el-b6eaa017\" data-vce-do-apply=\"all el-b6eaa017\"><div class=\"vce-row-content\" data-vce-element-content=\"true\"><div class=\"vce-col vce-col--md-auto vce-col--xs-1 vce-col--xs-last vce-col--xs-first vce-col--sm-last vce-col--sm-first vce-col--md-last vce-col--lg-last vce-col--xl-last vce-col--md-first vce-col--lg-first vce-col--xl-first\" id=\"el-b5666734\"><div class=\"vce-col-inner\" data-vce-do-apply=\"border margin background  el-b5666734\"><div class=\"vce-col-content\" data-vce-element-content=\"true\" data-vce-do-apply=\"padding el-b5666734\"><div class=\"vce-row-container\"><div class=\"vce-row vce-element--has-background vce-row--col-gap-0 vce-row-content--middle\" data-vce-full-width=\"true\" data-vce-stretch-content=\"true\" id=\"el-a9e001cd\" data-vce-do-apply=\"all el-a9e001cd\" data-vce-animate=\"vce-o-animate--slideInLeft\"><div class=\"vce-content-background-container\"><div class=\"vce-asset-parallax-container vce-visible-all-only\" data-vce-assets-parallax-mouse-move=\".vce-asset-parallax\" data-vce-assets-parallax-mouse-move-element=\"a9e001cd\" data-vce-assets-parallax-reverse=\"false\"><div class=\"vce-asset-parallax vce-asset-parallax-mouse-move\" style=\"inset: -30vh -30vw; transform: translate(253.5px, -11.203125px);\"><div class=\"vce-asset-background-slider-container vce-visible-all-only vce-asset-background-slider--style-cover vce-asset-background-slider--position-center-top\"><div class=\"vce-asset-background-slider\" data-vce-assets-slider=\"5\" data-vce-assets-slider-effect=\"slide\" data-vce-assets-slider-slides=\".vce-asset-background-slider-items\" data-vce-assets-slider-slide=\".vce-asset-background-slider-item\"><div class=\"vce-asset-background-slider-items\">\n              <div style='background-image: url(\"https:\/\/www.csfs.aero\/wp-content\/uploads\/2019\/02\/back-contact-us-09.jpg\");'  class=\"vce-asset-background-slider-item vcv-lozad\" ><\/div>\n              <noscript>\n                &lt;div class=&quot;vce-asset-background-slider-item&quot; style=&quot;background-image: url(https:\/\/www.csfs.aero\/wp-content\/uploads\/2019\/02\/back-contact-us-09.jpg); visibility: visible;&quot;&gt;&lt;\/div&gt;\n              <\/noscript>\n            <\/div><\/div><\/div><\/div><\/div><\/div><div class=\"vce-row-content\" data-vce-element-content=\"true\"><div class=\"vce-col vce-col--md-auto vce-col--xs-1 vce-col--xs-last vce-col--xs-first vce-col--sm-last vce-col--sm-first vce-col--md-last vce-col--lg-last vce-col--xl-last vce-col--md-first vce-col--lg-first vce-col--xl-first\" id=\"el-7adbc63f\"><div class=\"vce-col-inner\" data-vce-do-apply=\"border margin background  el-7adbc63f\"><div class=\"vce-col-content\" data-vce-element-content=\"true\" data-vce-do-apply=\"padding el-7adbc63f\"><div class=\"vce-text-block\"><div class=\"vce-text-block-wrapper vce\" id=\"el-30089a80\" data-vce-do-apply=\"all el-30089a80\"><h2 style=\"text-align: center; line-height: 1;\"><strong><span style=\"color: #a2b1bf;\">GROUND HANDLING<\/span><\/strong><\/h2><\/div><\/div><\/div><\/div><\/div><\/div><\/div><\/div><\/div><\/div><\/div><\/div><\/div><\/div><div class=\"vce-row-container\"><div class=\"vce-row vce-element--has-background vce-row--col-gap-30 vce-row-equal-height vce-row-content--bottom\" data-vce-full-width=\"true\" id=\"el-b912ef3c\" data-vce-do-apply=\"all el-b912ef3c\" data-vce-animate=\"vce-o-animate--None\"><div class=\"vce-content-background-container\"><div class=\"vce-asset-background-simple-container vce-visible-all-only vce-asset-background-simple--style-cover vce-asset-background-simple--position-center-top\"><div class=\"vce-asset-background-simple\">\n              <div style='background-image: url(\"https:\/\/www.csfs.aero\/wp-content\/uploads\/2018\/11\/fondo-gris.png\");'  class=\"vce-asset-background-simple-item vcv-lozad\" ><\/div>\n              <noscript>\n                &lt;div class=&quot;vce-asset-background-simple-item&quot; style=&quot;background-image: url(https:\/\/www.csfs.aero\/wp-content\/uploads\/2018\/11\/fondo-gris.png)&quot;&gt;&lt;\/div&gt;\n              <\/noscript>\n            <\/div><\/div><\/div><div class=\"vce-row-content\" data-vce-element-content=\"true\"><div class=\"vce-col vce-col--md-auto vce-col--xs-1 vce-col--xs-last vce-col--xs-first vce-col--sm-last vce-col--sm-first vce-col--md-first vce-col--lg-first vce-col--xl-first\" id=\"el-9478a263\"><div class=\"vce-col-inner\" data-vce-do-apply=\"border margin background  el-9478a263\"><div class=\"vce-col-content\" data-vce-element-content=\"true\" data-vce-do-apply=\"padding el-9478a263\"><div class=\"vce-text-block\"><div class=\"vce-text-block-wrapper vce\" id=\"el-2bd41ca5\" data-vce-do-apply=\"all el-2bd41ca5\" data-vce-animate=\"vce-o-animate--flipInX\"><p class=\"text-color\" style=\"text-align: center;\"><span style=\"font-size: 14pt; color: #14409e;\">Con CSFS puede comenzar y finalizar su vuelo sabiendo que todas sus necesidades de asistencia en tierra han sido planificadas y est\u00e1n listas y esper\u00e1ndo por usted. Estamos comprometidos en superar sus expectativas en cada operaci\u00f3n, planificando y haciendo de la seguridad una prioridad, cumpliendo estrictamente con todas las regulaciones locales (colombianas) e internacionales.&nbsp;<\/span><\/p>\n<h2 style=\"text-align: center;\"><span style=\"font-size: 14pt; color: #14409e;\"><!-- \/wp:paragraph --><!-- wp:paragraph {\"className\":\"text-color\"} --><\/span><\/h2>\n<p class=\"text-color\" style=\"text-align: center;\">&nbsp;<\/p><\/div><\/div><div class=\"vce-row-container\" data-vce-boxed-width=\"true\"><div class=\"vce-row vce-row--col-gap-30 vce-row-equal-height vce-row-content--top\" id=\"el-1ab02bfc\" data-vce-do-apply=\"all el-1ab02bfc\"><div class=\"vce-row-content\" data-vce-element-content=\"true\"><div class=\"vce-col vce-col--md-auto vce-col--xs-1 vce-col--xs-last vce-col--xs-first vce-col--sm-last vce-col--sm-first vce-col--md-last vce-col--lg-last vce-col--xl-last vce-col--md-first vce-col--lg-first vce-col--xl-first\" id=\"el-772a7d8b\"><div class=\"vce-col-inner\" data-vce-do-apply=\"border margin background  el-772a7d8b\"><div class=\"vce-col-content\" data-vce-element-content=\"true\" data-vce-do-apply=\"padding el-772a7d8b\"><!-- wp:vcwb\/empty-comment-element-wrapper --><div><\/div><!-- \/wp:vcwb\/empty-comment-element-wrapper --><\/div><\/div><\/div><\/div><\/div><\/div><\/div><\/div><\/div><div class=\"vce-col vce-col--md-auto vce-col--xs-1 vce-col--xs-last vce-col--xs-first vce-col--sm-last vce-col--sm-first vce-col--md-last vce-col--lg-last vce-col--xl-last\" id=\"el-5ebfc490\"><div class=\"vce-col-inner\" data-vce-do-apply=\"border margin background  el-5ebfc490\"><div class=\"vce-col-content\" data-vce-element-content=\"true\" data-vce-do-apply=\"padding el-5ebfc490\"><div class=\"vce-text-block\"><div class=\"vce-text-block-wrapper vce\" id=\"el-c8648716\" data-vce-do-apply=\"all el-c8648716\" data-vce-animate=\"vce-o-animate--flipInY\"><p><span style=\"font-size: 14pt; color: #14409e;\">El equipo CSFS proporciona un servicio completo de apoyo en tierra a las tripulaciones, los pasajeros y las aeronaves. Nuestro dedicado y especializados equipo de trabajo, est\u00e1 capacitado para lidiar con la imprevisibilidad, para garantizar que tanto la tripulaci\u00f3n como los pasajeros se sientan c\u00f3modos y relajados con todos nuestros detallado servicio de vuelo, que se realizan de acuerdo a los m\u00e1s altos est\u00e1ndares calidad.<\/span><\/p>\n<p>&nbsp;<\/p><\/div><\/div><\/div><\/div><\/div><\/div><\/div><\/div><div class=\"vce-row-container\" data-vce-boxed-width=\"true\"><div class=\"vce-row vce-row--col-gap-30 vce-row-equal-height vce-row-content--top\" id=\"el-a86e6f01\" data-vce-do-apply=\"all el-a86e6f01\"><div class=\"vce-row-content\" data-vce-element-content=\"true\"><div class=\"vce-col vce-col--md-auto vce-col--xs-1 vce-col--xs-last vce-col--xs-first vce-col--sm-last vce-col--sm-first vce-col--md-last vce-col--lg-last vce-col--xl-last vce-col--md-first vce-col--lg-first vce-col--xl-first\" id=\"el-298d02a3\"><div class=\"vce-col-inner\" data-vce-do-apply=\"border margin background  el-298d02a3\"><div class=\"vce-col-content\" data-vce-element-content=\"true\" data-vce-do-apply=\"padding el-298d02a3\"><div class=\"vce vce-separator-container vce-separator--align-center vce-separator--style-shadow\" id=\"el-9bcb5351\" data-vce-do-apply=\"margin el-9bcb5351\"><div class=\"vce-separator vce-separator--color-bfc0c1 vce-separator--width-83 vce-separator--thickness-1\" data-vce-do-apply=\"border padding background  el-9bcb5351\"><div class=\"vce-separator-shadow vce-separator-shadow-left\"><\/div><div class=\"vce-separator-shadow vce-separator-shadow-right\"><\/div><\/div><\/div><\/div><\/div><\/div><\/div><\/div><\/div><div class=\"vce-row-container\" data-vce-boxed-width=\"true\"><div class=\"vce-row vce-row--col-gap-30 vce-row-equal-height vce-row-content--top\" id=\"el-c46c1b91\" data-vce-do-apply=\"all el-c46c1b91\"><div class=\"vce-row-content\" data-vce-element-content=\"true\"><div class=\"vce-col vce-col--md-auto vce-col--xs-1 vce-col--xs-last vce-col--xs-first vce-col--sm-last vce-col--sm-first vce-col--md-last vce-col--lg-last vce-col--xl-last vce-col--md-first vce-col--lg-first vce-col--xl-first\" id=\"el-e6624d76\"><div class=\"vce-col-inner\" data-vce-do-apply=\"border margin background  el-e6624d76\"><div class=\"vce-col-content\" data-vce-element-content=\"true\" data-vce-do-apply=\"padding el-e6624d76\"><div class=\"vce-text-block\"><div style='background-image: url(\"https:\/\/www.csfs.aero\/wp-content\/uploads\/2019\/02\/back-contact-us-09.jpg\");'  class=\"vce-text-block-wrapper vce\" id=\"el-88ae12e4\" data-vce-background-image-all=\"https:\/\/www.csfs.aero\/wp-content\/uploads\/2019\/02\/back-contact-us-09.jpg\" data-vce-background-image=\"all\"  data-vce-do-apply=\"all el-88ae12e4\" data-vce-animate=\"vce-o-animate--fadeInLeft\"><ul>\n<li><span style=\"color: #a2b1bf; font-size: 14pt;\"><strong>Executive handling<\/strong><\/span><\/li>\n<\/ul><\/div><\/div><div class=\"vce-text-block\"><div style='background-image: url(\"https:\/\/www.csfs.aero\/wp-content\/uploads\/2019\/02\/back-contact-us-09.jpg\");'  class=\"vce-text-block-wrapper vce\" id=\"el-fb1f918a\" data-vce-background-image-all=\"https:\/\/www.csfs.aero\/wp-content\/uploads\/2019\/02\/back-contact-us-09.jpg\" data-vce-background-image=\"all\"  data-vce-do-apply=\"all el-fb1f918a\" data-vce-animate=\"vce-o-animate--fadeInLeft\"><ul>\n<li><span style=\"color: #a2b1bf; font-size: 14pt;\"><strong>VIP Services<\/strong><\/span><\/li>\n<\/ul><\/div><\/div><div class=\"vce-text-block\"><div style='background-image: url(\"https:\/\/www.csfs.aero\/wp-content\/uploads\/2019\/02\/back-contact-us-09.jpg\");'  class=\"vce-text-block-wrapper vce\" id=\"el-484616f5\" data-vce-background-image-all=\"https:\/\/www.csfs.aero\/wp-content\/uploads\/2019\/02\/back-contact-us-09.jpg\" data-vce-background-image=\"all\"  data-vce-do-apply=\"all el-484616f5\" data-vce-animate=\"vce-o-animate--fadeInLeft\"><ul>\n<li><span style=\"color: #a2b1bf; font-size: 14pt;\"><strong>Comercial charter\/pax handling<\/strong><\/span><\/li>\n<\/ul><\/div><\/div><div class=\"vce-text-block\"><div style='background-image: url(\"https:\/\/www.csfs.aero\/wp-content\/uploads\/2019\/02\/back-contact-us-09.jpg\");'  class=\"vce-text-block-wrapper vce\" id=\"el-054b2ea6\" data-vce-background-image-all=\"https:\/\/www.csfs.aero\/wp-content\/uploads\/2019\/02\/back-contact-us-09.jpg\" data-vce-background-image=\"all\"  data-vce-do-apply=\"all el-054b2ea6\" data-vce-animate=\"vce-o-animate--fadeInLeft\"><ul>\n<li><span style=\"color: #a2b1bf; font-size: 14pt;\"><strong>Catering<\/strong><\/span><\/li>\n<\/ul><\/div><\/div><div class=\"vce-text-block\"><div style='background-image: url(\"https:\/\/www.csfs.aero\/wp-content\/uploads\/2019\/02\/back-contact-us-09.jpg\");'  class=\"vce-text-block-wrapper vce\" id=\"el-9b6101d0\" data-vce-background-image-all=\"https:\/\/www.csfs.aero\/wp-content\/uploads\/2019\/02\/back-contact-us-09.jpg\" data-vce-background-image=\"all\"  data-vce-do-apply=\"all el-9b6101d0\" data-vce-animate=\"vce-o-animate--fadeInLeft\"><ul>\n<li><span style=\"color: #a2b1bf; font-size: 14pt;\"><strong>Comercial Cargo handling<\/strong><\/span><\/li>\n<\/ul><\/div><\/div><div class=\"vce-text-block\"><div style='background-image: url(\"https:\/\/www.csfs.aero\/wp-content\/uploads\/2019\/02\/back-contact-us-09.jpg\");'  class=\"vce-text-block-wrapper vce\" id=\"el-d21bd905\" data-vce-background-image-all=\"https:\/\/www.csfs.aero\/wp-content\/uploads\/2019\/02\/back-contact-us-09.jpg\" data-vce-background-image=\"all\"  data-vce-do-apply=\"all el-d21bd905\" data-vce-animate=\"vce-o-animate--fadeInLeft\"><ul>\n<li><span style=\"color: #a2b1bf; font-size: 14pt;\"><strong>Air ambulance Handling<\/strong><\/span><\/li>\n<\/ul><\/div><\/div><\/div><\/div><\/div><\/div><\/div><\/div><div class=\"vce-row-container\" data-vce-boxed-width=\"true\"><div class=\"vce-row vce-row--col-gap-30 vce-row-equal-height vce-row-content--top\" id=\"el-f8382659\" data-vce-do-apply=\"all el-f8382659\"><div class=\"vce-row-content\" data-vce-element-content=\"true\"><div class=\"vce-col vce-col--md-auto vce-col--xs-1 vce-col--xs-last vce-col--xs-first vce-col--sm-last vce-col--sm-first vce-col--md-last vce-col--lg-last vce-col--xl-last vce-col--md-first vce-col--lg-first vce-col--xl-first\" id=\"el-a55e0f34\"><div class=\"vce-col-inner\" data-vce-do-apply=\"border margin background  el-a55e0f34\"><div class=\"vce-col-content\" data-vce-element-content=\"true\" data-vce-do-apply=\"padding el-a55e0f34\"><div class=\"vce-row-container\" data-vce-boxed-width=\"true\"><div class=\"vce-row vce-row--col-gap-30 vce-row-equal-height vce-row-content--bottom\" id=\"el-221348bc\" data-vce-do-apply=\"all el-221348bc\"><div class=\"vce-content-background-container\"><\/div><div class=\"vce-row-content\" data-vce-element-content=\"true\"><div class=\"vce-col vce-col--md-auto vce-col--xs-1 vce-col--xs-last vce-col--xs-first vce-col--sm-last vce-col--sm-first vce-col--md-last vce-col--lg-last vce-col--xl-last vce-col--md-first vce-col--lg-first vce-col--xl-first\" id=\"el-14d76e4e\"><div class=\"vce-col-inner\" data-vce-do-apply=\"border margin background  el-14d76e4e\"><div class=\"vce-content-background-container\"><\/div><div class=\"vce-col-content\" data-vce-element-content=\"true\" data-vce-do-apply=\"padding el-14d76e4e\"><div class=\"vce-text-block\"><div class=\"vce-text-block-wrapper vce\" id=\"el-37c7b5fb\" data-vce-do-apply=\"all el-37c7b5fb\"><p style=\"line-height: 0.75; text-align: center;\"><span style=\"font-style: normal; font-size: 18pt; font-family: Poppins;\">Necesitas este servicio?<\/span><\/p><p style=\"line-height: 0.75; text-align: center;\"><span style=\"font-size: 16pt; font-family: Poppins;\">Permitenos ayudarte!<\/span><\/p><\/div><\/div><div class=\"vce-button--style-basic-container vce-button--style-basic-container--align-center\"><span class=\"vce-button--style-basic-wrapper vce\" id=\"el-2fbec53f\" data-vce-do-apply=\"margin el-2fbec53f\"><a class=\"vce-button vce-button--style-basic vce-button--style-basic--border-round vce-button--style-basic--size-large vce-button--style-basic--color-b-20-64-158--fff vce-button--style-basic--hover-color-b-218-218-218--b-20-64-158\" href=\"https:\/\/www.csfs.aero\/es\/contact-us\/\" title=\"\" data-vce-do-apply=\"padding border background  el-2fbec53f\">REQUERIR SERVICIO<\/a><\/span><\/div><div class=\"vce-single-image-container vce-single-image--align-center\"><div style='background-image: url(\"https:\/\/www.csfs.aero\/wp-content\/uploads\/2018\/11\/fondo1-1200.png\");'  class=\"vce vce-single-image-wrapper\" id=\"el-ba54b57b\" data-vce-background-image-all=\"https:\/\/www.csfs.aero\/wp-content\/uploads\/2018\/11\/fondo1-1200.png\" data-vce-background-image=\"all\"  data-vce-do-apply=\"all el-ba54b57b\"><figure><div class=\"vce-single-image-figure-inner\" style=\"width: 200px;\"><div class=\"vce-single-image-inner vce-single-image--absolute vce-single-image--border-rounded\" style=\"width: 100%; padding-bottom: 150%;\"><img fetchpriority=\"high\" decoding=\"async\" class=\"vce-single-image\"  width=\"200\" height=\"300\" srcset=\"https:\/\/www.csfs.aero\/wp-content\/uploads\/2018\/02\/Dise\u00f1o-Web-12-e1661130313530-200x300.png 200w, https:\/\/www.csfs.aero\/wp-content\/uploads\/2018\/02\/Dise\u00f1o-Web-12-e1661130313530-320x480.png 320w, https:\/\/www.csfs.aero\/wp-content\/uploads\/2018\/02\/Dise\u00f1o-Web-12-e1661130313530-480x720.png 480w, https:\/\/www.csfs.aero\/wp-content\/uploads\/2023\/04\/Dise\u00f1o-Web-12-e1661130313530-800x1200.png 800w, https:\/\/www.csfs.aero\/wp-content\/uploads\/2023\/04\/Dise\u00f1o-Web-12-e1661130313530-400x600.png 2x\" src=\"https:\/\/www.csfs.aero\/wp-content\/uploads\/2018\/02\/Dise\u00f1o-Web-12-e1661130313530-200x300.png\" data-img-src=\"https:\/\/www.csfs.aero\/wp-content\/uploads\/2018\/02\/Dise\u00f1o-Web-12-e1661130313530.png\" data-attachment-id=\"588\"  alt=\"\" title=\"Dise\u00f1o Web-12\" \/><\/div><\/div><figcaption hidden=\"\"><\/figcaption><\/figure><\/div><\/div><\/div><\/div><\/div><\/div><\/div><\/div><\/div><\/div><\/div><\/div><\/div><\/div>","protected":false},"excerpt":{"rendered":"<p>&lt;div class=&#8221;vce-asset-background-slider-item&#8221; style=&#8221;background-image: url(https:\/\/www.csfs.aero\/wp-content\/uploads\/2019\/02\/back-contact-us-09.jpg); visibility: visible;&#8221;&gt;&lt;\/div&gt; GROUND HANDLING &lt;div class=&#8221;vce-asset-background-simple-item&#8221; style=&#8221;background-image: url(https:\/\/www.csfs.aero\/wp-content\/uploads\/2018\/11\/fondo-gris.png)&#8221;&gt;&lt;\/div&gt; With CSFS you can start and end your flight knowing that all your ground handling support needs have been planned and are ready and waiting for you. We&#8217;re committed to exceeding your expectations in each operation by planning and making security and safety [&hellip;]<\/p>\n","protected":false},"author":1,"featured_media":1275,"parent":0,"menu_order":0,"comment_status":"closed","ping_status":"closed","template":"page-templates\/page_front-page.php","meta":{"_monsterinsights_skip_tracking":false,"_monsterinsights_sitenote_active":false,"_monsterinsights_sitenote_note":"","_monsterinsights_sitenote_category":0,"footnotes":""},"class_list":["post-414","page","type-page","status-publish","has-post-thumbnail","hentry","entry","has-media"],"aioseo_notices":[],"jetpack_sharing_enabled":true,"_links":{"self":[{"href":"https:\/\/www.csfs.aero\/es\/wp-json\/wp\/v2\/pages\/414","targetHints":{"allow":["GET"]}}],"collection":[{"href":"https:\/\/www.csfs.aero\/es\/wp-json\/wp\/v2\/pages"}],"about":[{"href":"https:\/\/www.csfs.aero\/es\/wp-json\/wp\/v2\/types\/page"}],"author":[{"embeddable":true,"href":"https:\/\/www.csfs.aero\/es\/wp-json\/wp\/v2\/users\/1"}],"replies":[{"embeddable":true,"href":"https:\/\/www.csfs.aero\/es\/wp-json\/wp\/v2\/comments?post=414"}],"version-history":[{"count":0,"href":"https:\/\/www.csfs.aero\/es\/wp-json\/wp\/v2\/pages\/414\/revisions"}],"wp:featuredmedia":[{"embeddable":true,"href":"https:\/\/www.csfs.aero\/es\/wp-json\/wp\/v2\/media\/1275"}],"wp:attachment":[{"href":"https:\/\/www.csfs.aero\/es\/wp-json\/wp\/v2\/media?parent=414"}],"curies":[{"name":"wp","href":"https:\/\/api.w.org\/{rel}","templated":true}]}}