{"id":464,"date":"2018-01-31T20:45:42","date_gmt":"2018-02-01T01:45:42","guid":{"rendered":"http:\/\/localhost\/csfs\/?page_id=464"},"modified":"2023-04-20T13:56:28","modified_gmt":"2023-04-20T18:56:28","slug":"military","status":"publish","type":"page","link":"https:\/\/www.csfs.aero\/es\/military\/","title":{"rendered":"MILITAR"},"content":{"rendered":"<div class=\"vce-row-container\"><div class=\"vce-row vce-row--col-gap-30 vce-row-content--bottom\" data-vce-full-width=\"true\" data-vce-stretch-content=\"true\" id=\"el-ceedc1bf\" data-vce-do-apply=\"all el-ceedc1bf\" data-vce-animate=\"vce-o-animate--None\"><div class=\"vce-content-background-container\"><\/div><div class=\"vce-row-content\" data-vce-element-content=\"true\"><div class=\"vce-col vce-col--md-auto vce-col--xs-1 vce-col--xs-last vce-col--xs-first vce-col--sm-last vce-col--sm-first vce-col--md-last vce-col--lg-last vce-col--xl-last vce-col--md-first vce-col--lg-first vce-col--xl-first\" id=\"el-2219266f\"><div class=\"vce-col-inner\" data-vce-do-apply=\"border margin background  el-2219266f\"><div class=\"vce-col-content\" data-vce-element-content=\"true\" data-vce-do-apply=\"padding el-2219266f\"><div class=\"vce-row-container\" data-vce-boxed-width=\"true\"><div class=\"vce-row vce-row--col-gap-30 vce-row-equal-height vce-row-content--top\" id=\"el-b167a0b0\" data-vce-do-apply=\"all el-b167a0b0\"><div class=\"vce-row-content\" data-vce-element-content=\"true\"><div class=\"vce-col vce-col--md-auto vce-col--xs-1 vce-col--xs-last vce-col--xs-first vce-col--sm-last vce-col--sm-first vce-col--md-last vce-col--lg-last vce-col--xl-last vce-col--md-first vce-col--lg-first vce-col--xl-first\" id=\"el-2f00b4fa\"><div class=\"vce-col-inner\" data-vce-do-apply=\"border margin background  el-2f00b4fa\"><div class=\"vce-col-content\" data-vce-element-content=\"true\" data-vce-do-apply=\"padding el-2f00b4fa\"><div class=\"vce-row-container\"><div class=\"vce-row vce-element--has-background vce-row--col-gap-0 vce-row-content--middle\" data-vce-full-width=\"true\" data-vce-stretch-content=\"true\" id=\"el-cfed1dc7\" data-vce-do-apply=\"all el-cfed1dc7\" data-vce-animate=\"vce-o-animate--slideInLeft\"><div class=\"vce-content-background-container\"><div class=\"vce-asset-parallax-container vce-visible-all-only\" data-vce-assets-parallax-mouse-move=\".vce-asset-parallax\" data-vce-assets-parallax-mouse-move-element=\"cfed1dc7\" data-vce-assets-parallax-reverse=\"false\"><div class=\"vce-asset-parallax vce-asset-parallax-mouse-move\" style=\"inset: -30vh -30vw; transform: translate(360px, -87.203125px);\"><div class=\"vce-asset-background-slider-container vce-visible-all-only vce-asset-background-slider--style-cover vce-asset-background-slider--position-center-top\"><div class=\"vce-asset-background-slider\" data-vce-assets-slider=\"5\" data-vce-assets-slider-effect=\"slide\" data-vce-assets-slider-slides=\".vce-asset-background-slider-items\" data-vce-assets-slider-slide=\".vce-asset-background-slider-item\"><div class=\"vce-asset-background-slider-items\">\n              <div style='background-image: url(\"https:\/\/www.csfs.aero\/wp-content\/uploads\/2019\/02\/back-contact-us-09.jpg\");'  class=\"vce-asset-background-slider-item vcv-lozad\" ><\/div>\n              <noscript>\n                &lt;div class=&quot;vce-asset-background-slider-item&quot; style=&quot;background-image: url(https:\/\/www.csfs.aero\/wp-content\/uploads\/2019\/02\/back-contact-us-09.jpg); visibility: visible;&quot;&gt;&lt;\/div&gt;\n              <\/noscript>\n            <\/div><\/div><\/div><\/div><\/div><\/div><div class=\"vce-row-content\" data-vce-element-content=\"true\"><div class=\"vce-col vce-col--md-auto vce-col--xs-1 vce-col--xs-last vce-col--xs-first vce-col--sm-last vce-col--sm-first vce-col--md-last vce-col--lg-last vce-col--xl-last vce-col--md-first vce-col--lg-first vce-col--xl-first\" id=\"el-8803bfdb\"><div class=\"vce-col-inner\" data-vce-do-apply=\"border margin background  el-8803bfdb\"><div class=\"vce-col-content\" data-vce-element-content=\"true\" data-vce-do-apply=\"padding el-8803bfdb\"><div class=\"vce-text-block\"><div class=\"vce-text-block-wrapper vce\" id=\"el-f3056dae\" data-vce-do-apply=\"all el-f3056dae\"><h2 style=\"text-align: center; line-height: 1;\"><strong><span style=\"color: #a2b1bf;\">MILITAR<\/span><\/strong><\/h2><\/div><\/div><\/div><\/div><\/div><\/div><\/div><\/div><\/div><\/div><\/div><\/div><\/div><\/div><div class=\"vce-row-container\" data-vce-boxed-width=\"true\"><div class=\"vce-row vce-row--col-gap-30 vce-row-equal-height vce-row-content--top\" id=\"el-8be1e37c\" data-vce-do-apply=\"all el-8be1e37c\"><div class=\"vce-row-content\" data-vce-element-content=\"true\"><div class=\"vce-col vce-col--md-auto vce-col--xs-1 vce-col--xs-last vce-col--xs-first vce-col--sm-last vce-col--sm-first vce-col--md-last vce-col--lg-last vce-col--xl-last vce-col--md-first vce-col--lg-first vce-col--xl-first\" id=\"el-cf9ddffa\"><div class=\"vce-col-inner\" data-vce-do-apply=\"border margin background  el-cf9ddffa\"><div class=\"vce-col-content\" data-vce-element-content=\"true\" data-vce-do-apply=\"padding el-cf9ddffa\"><section class=\"vce-feature-section-container vce-feature-section-media--xs\"><div class=\"vce vce-feature-section vce-feature-section--min-height vce-feature-section-background-color--b-8-41-110\" id=\"el-420d2003\" data-vce-do-apply=\"margin background border  el-420d2003\"><div class=\"vce-feature-section-image vce-feature-section-image--alignment-left vce-feature-section-image--background-position-center-center\" style=\"background-image: url('https:\/\/www.csfs.aero\/wp-content\/uploads\/2022\/08\/IMG-20220821-WA0015.jpg');\"><\/div><div class=\"vce-feature-section-content\"><div class=\"vce-feature-section-content-container\" data-vce-do-apply=\"padding el-420d2003\"><div class=\"vce-feature-section-description\"><p style=\"text-align: center;\"><span style=\"color: #a2b1bf; font-size: 14pt;\">CSFS cuenta con 20 a\u00f1os de experiencia, lo que garantiza que nuestros clientes reciban un compromiso superior a los est\u00e1ndares de la aviaci\u00f3n militar. Somos su \u00fanica fuente de soluciones para todas sus necesidades operativas, desde el despegue hasta el aterrizaje, todos los servicios requeridos se satisfacen con dedicaci\u00f3n y confiabilidad constante. Durante los \u00faltimos 20 a\u00f1os, CSFS ha realizado con \u00e9xito todo tipo de servicios personalizados para la aviaci\u00f3n militar. <\/span><\/p><p style=\"text-align: center;\"><span style=\"color: #a2b1bf; font-size: 14pt;\">A trav\u00e9s de los a\u00f1os, nuestro conocimiento y experiencia en vuelos y misiones militares le ha dado confianza a las Fuerzas Armadas de Colombia y del extranjero para trabajar con nosotros sabiendo que las misiones militares fuera del pais ser\u00e1n manejadas con el servicio m\u00e1s eficiente y confidencial.<\/span><\/p><\/div><\/div><\/div><\/div><\/section><\/div><\/div><\/div><\/div><\/div><\/div><div class=\"vce-row-container\" data-vce-boxed-width=\"true\"><div class=\"vce-row vce-row--col-gap-30 vce-row-equal-height vce-row-content--top\" id=\"el-155e5d26\" data-vce-do-apply=\"all el-155e5d26\"><div class=\"vce-row-content\" data-vce-element-content=\"true\"><div class=\"vce-col vce-col--md-auto vce-col--xs-1 vce-col--xs-last vce-col--xs-first vce-col--sm-last vce-col--sm-first vce-col--md-last vce-col--lg-last vce-col--xl-last vce-col--md-first vce-col--lg-first vce-col--xl-first\" id=\"el-d10a119d\"><div class=\"vce-col-inner\" data-vce-do-apply=\"border margin background  el-d10a119d\"><div class=\"vce-col-content\" data-vce-element-content=\"true\" data-vce-do-apply=\"padding el-d10a119d\"><div class=\"vce-row-container\"><div class=\"vce-row vce-row--col-gap-30 vce-row-equal-height vce-row-content--top\" data-vce-full-width=\"true\" data-vce-stretch-content=\"true\" id=\"el-a37547c2\" data-vce-do-apply=\"all el-a37547c2\"><div class=\"vce-row-content\" data-vce-element-content=\"true\"><div class=\"vce-col vce-col--md-auto vce-col--xs-1 vce-col--xs-last vce-col--xs-first vce-col--sm-last vce-col--sm-first vce-col--md-last vce-col--lg-last vce-col--xl-last vce-col--md-first vce-col--lg-first vce-col--xl-first\" id=\"el-9cb70241\"><div class=\"vce-col-inner\" data-vce-do-apply=\"border margin background  el-9cb70241\"><div class=\"vce-col-content\" data-vce-element-content=\"true\" data-vce-do-apply=\"padding el-9cb70241\"><div class=\"vce-text-block\"><div style='background-image: url(\"https:\/\/www.csfs.aero\/wp-content\/uploads\/2018\/11\/fondo-gris.png\");'  class=\"vce-text-block-wrapper vce\" id=\"el-4feaecc6\" data-vce-background-image-all=\"https:\/\/www.csfs.aero\/wp-content\/uploads\/2018\/11\/fondo-gris.png\" data-vce-background-image=\"all\"  data-vce-do-apply=\"all el-4feaecc6\"><h2 style=\"text-align: center;\"><span style=\"color: #14409e;\"><strong>CSFS OFRECE<\/strong><\/span><\/h2><\/div><\/div><\/div><\/div><\/div><\/div><\/div><\/div><div class=\"vce-row-container\" data-vce-boxed-width=\"true\"><div class=\"vce-row vce-row--col-gap-30 vce-row-equal-height vce-row-content--top\" id=\"el-224a6a21\" data-vce-do-apply=\"all el-224a6a21\"><div class=\"vce-row-content\" data-vce-element-content=\"true\"><div class=\"vce-col vce-col--md-auto vce-col--xs-1 vce-col--xs-last vce-col--xs-first vce-col--sm-last vce-col--sm-first vce-col--md-first vce-col--lg-first vce-col--xl-first\" id=\"el-9a6ca9f3\"><div class=\"vce-col-inner\" data-vce-do-apply=\"border margin background  el-9a6ca9f3\"><div class=\"vce-col-content\" data-vce-element-content=\"true\" data-vce-do-apply=\"padding el-9a6ca9f3\"><div class=\"vce-text-block\"><div class=\"vce-text-block-wrapper vce\" id=\"el-bbfdf963\" data-vce-do-apply=\"all el-bbfdf963\" data-vce-animate=\"vce-o-animate--rollIn\"><p style=\"text-align: center;\"><strong><span style=\"font-size: 18pt; color: #911e37;\">GOBIERNO EXTRANJERO <\/span><\/strong><\/p><\/div><\/div><\/div><\/div><\/div><div class=\"vce-col vce-col--md-auto vce-col--xs-1 vce-col--xs-last vce-col--xs-first vce-col--sm-last vce-col--sm-first\" id=\"el-76ae575d\"><div class=\"vce-col-inner\" data-vce-do-apply=\"border margin background  el-76ae575d\"><div class=\"vce-col-content\" data-vce-element-content=\"true\" data-vce-do-apply=\"padding el-76ae575d\"><div class=\"vce-text-block\"><div class=\"vce-text-block-wrapper vce\" id=\"el-d5add331\" data-vce-do-apply=\"all el-d5add331\" data-vce-animate=\"vce-o-animate--rollIn\"><p style=\"text-align: center;\"><span style=\"color: #911e37;\"><strong><span style=\"font-size: 18pt;\">DIPLOMATICO<\/span><\/strong><\/span><\/p><\/div><\/div><\/div><\/div><\/div><div class=\"vce-col vce-col--md-auto vce-col--xs-1 vce-col--xs-last vce-col--xs-first vce-col--sm-last vce-col--sm-first vce-col--md-last vce-col--lg-last vce-col--xl-last\" id=\"el-4a0038f7\"><div class=\"vce-col-inner\" data-vce-do-apply=\"border margin background  el-4a0038f7\"><div class=\"vce-col-content\" data-vce-element-content=\"true\" data-vce-do-apply=\"padding el-4a0038f7\"><div class=\"vce-text-block\"><div class=\"vce-text-block-wrapper vce\" id=\"el-89db2339\" data-vce-do-apply=\"all el-89db2339\" data-vce-animate=\"vce-o-animate--rollIn\"><p style=\"text-align: center;\"><span style=\"color: #911e37;\"><strong><span style=\"font-size: 18pt;\">Vuelos Humanitarios<\/span><\/strong><\/span><\/p><\/div><\/div><\/div><\/div><\/div><\/div><\/div><\/div><\/div><\/div><\/div><\/div><\/div><\/div><div class=\"vce-row-container\" data-vce-boxed-width=\"true\"><div class=\"vce-row vce-row--col-gap-30 vce-row-equal-height vce-row-content--top\" id=\"el-c33bc411\" data-vce-do-apply=\"all el-c33bc411\"><div class=\"vce-row-content\" data-vce-element-content=\"true\"><div class=\"vce-col vce-col--md-auto vce-col--xs-1 vce-col--xs-last vce-col--xs-first vce-col--sm-last vce-col--sm-first vce-col--md-last vce-col--lg-last vce-col--xl-last vce-col--md-first vce-col--lg-first vce-col--xl-first\" id=\"el-d80c0a87\"><div class=\"vce-col-inner\" data-vce-do-apply=\"border margin background  el-d80c0a87\"><div class=\"vce-col-content\" data-vce-element-content=\"true\" data-vce-do-apply=\"padding el-d80c0a87\"><div class=\"vce vce-separator-container vce-separator--align-center vce-separator--style-shadow\" id=\"el-27eb438c\" data-vce-do-apply=\"margin el-27eb438c\"><div class=\"vce-separator vce-separator--color-bfc0c1 vce-separator--width-87 vce-separator--thickness-3\" data-vce-do-apply=\"border padding background  el-27eb438c\"><div class=\"vce-separator-shadow vce-separator-shadow-left\"><\/div><div class=\"vce-separator-shadow vce-separator-shadow-right\"><\/div><\/div><\/div><\/div><\/div><\/div><\/div><\/div><\/div><div class=\"vce-row-container\" data-vce-boxed-width=\"true\"><div class=\"vce-row vce-row--col-gap-30 vce-row-equal-height vce-row-content--bottom\" id=\"el-916c9880\" data-vce-do-apply=\"all el-916c9880\"><div class=\"vce-content-background-container\"><\/div><div class=\"vce-row-content\" data-vce-element-content=\"true\"><div class=\"vce-col vce-col--md-auto vce-col--xs-1 vce-col--xs-last vce-col--xs-first vce-col--sm-last vce-col--sm-first vce-col--md-last vce-col--lg-last vce-col--xl-last vce-col--md-first vce-col--lg-first vce-col--xl-first\" id=\"el-51d030d4\"><div class=\"vce-col-inner\" data-vce-do-apply=\"border margin background  el-51d030d4\"><div class=\"vce-content-background-container\"><\/div><div class=\"vce-col-content\" data-vce-element-content=\"true\" data-vce-do-apply=\"padding el-51d030d4\"><div class=\"vce-text-block\"><div class=\"vce-text-block-wrapper vce\" id=\"el-e1f1175b\" data-vce-do-apply=\"all el-e1f1175b\"><p style=\"line-height: 0.75; text-align: center;\"><span style=\"font-style: normal; font-size: 18pt; font-family: Poppins;\">Necesitas este servicio?<\/span><\/p><p style=\"line-height: 0.75; text-align: center;\"><span style=\"font-size: 16pt; font-family: Poppins;\">Permitenos ayudarte!<\/span><\/p><\/div><\/div><div class=\"vce-button--style-basic-container vce-button--style-basic-container--align-center\"><span class=\"vce-button--style-basic-wrapper vce\" id=\"el-88c8a335\" data-vce-do-apply=\"margin el-88c8a335\"><a class=\"vce-button vce-button--style-basic vce-button--style-basic--border-round vce-button--style-basic--size-large vce-button--style-basic--color-b-20-64-158--fff vce-button--style-basic--hover-color-b-218-218-218--b-20-64-158\" href=\"https:\/\/www.csfs.aero\/es\/contact-us\/\" title=\"\" data-vce-do-apply=\"padding border background  el-88c8a335\">REQUERIR SERVICIO<\/a><\/span><\/div><div class=\"vce-single-image-container vce-single-image--align-center\"><div style='background-image: url(\"https:\/\/www.csfs.aero\/wp-content\/uploads\/2018\/11\/fondo1-1200.png\");'  class=\"vce vce-single-image-wrapper\" id=\"el-711c11ce\" data-vce-background-image-all=\"https:\/\/www.csfs.aero\/wp-content\/uploads\/2018\/11\/fondo1-1200.png\" data-vce-background-image=\"all\"  data-vce-do-apply=\"all el-711c11ce\"><figure><div class=\"vce-single-image-figure-inner\" style=\"width: 200px;\"><div class=\"vce-single-image-inner vce-single-image--absolute vce-single-image--border-rounded\" style=\"width: 100%; padding-bottom: 150%;\"><img fetchpriority=\"high\" decoding=\"async\" class=\"vce-single-image\"  width=\"200\" height=\"300\" srcset=\"https:\/\/www.csfs.aero\/wp-content\/uploads\/2018\/02\/Dise\u00f1o-Web-12-e1661130313530-200x300.png 200w, https:\/\/www.csfs.aero\/wp-content\/uploads\/2018\/02\/Dise\u00f1o-Web-12-e1661130313530-320x480.png 320w, https:\/\/www.csfs.aero\/wp-content\/uploads\/2018\/02\/Dise\u00f1o-Web-12-e1661130313530-480x720.png 480w, https:\/\/www.csfs.aero\/wp-content\/uploads\/2023\/04\/Dise\u00f1o-Web-12-e1661130313530-800x1200.png 800w, https:\/\/www.csfs.aero\/wp-content\/uploads\/2023\/04\/Dise\u00f1o-Web-12-e1661130313530-400x600.png 2x\" src=\"https:\/\/www.csfs.aero\/wp-content\/uploads\/2018\/02\/Dise\u00f1o-Web-12-e1661130313530-200x300.png\" data-img-src=\"https:\/\/www.csfs.aero\/wp-content\/uploads\/2018\/02\/Dise\u00f1o-Web-12-e1661130313530.png\" data-attachment-id=\"588\"  alt=\"\" title=\"Dise\u00f1o Web-12\" \/><\/div><\/div><figcaption hidden=\"\"><\/figcaption><\/figure><\/div><\/div><\/div><\/div><\/div><\/div><\/div><\/div><\/div><\/div><\/div><\/div><\/div><\/div>","protected":false},"excerpt":{"rendered":"<p>&lt;div class=&#8221;vce-asset-background-slider-item&#8221; style=&#8221;background-image: url(https:\/\/www.csfs.aero\/wp-content\/uploads\/2019\/02\/back-contact-us-09.jpg); visibility: visible;&#8221;&gt;&lt;\/div&gt; MILITARCSFS draws 20 years of experience, ensuring that ours clients receive a commitment exceeding the standards of Military aviation. We will be your single source for all your operational needs, from touch down to wheels up all your required services are met with consistent dedication and reliability. For the [&hellip;]<\/p>\n","protected":false},"author":1,"featured_media":860,"parent":0,"menu_order":0,"comment_status":"closed","ping_status":"closed","template":"page-templates\/page_front-page.php","meta":{"_monsterinsights_skip_tracking":false,"_monsterinsights_sitenote_active":false,"_monsterinsights_sitenote_note":"","_monsterinsights_sitenote_category":0,"footnotes":""},"class_list":["post-464","page","type-page","status-publish","has-post-thumbnail","hentry","entry","has-media"],"aioseo_notices":[],"jetpack_sharing_enabled":true,"_links":{"self":[{"href":"https:\/\/www.csfs.aero\/es\/wp-json\/wp\/v2\/pages\/464","targetHints":{"allow":["GET"]}}],"collection":[{"href":"https:\/\/www.csfs.aero\/es\/wp-json\/wp\/v2\/pages"}],"about":[{"href":"https:\/\/www.csfs.aero\/es\/wp-json\/wp\/v2\/types\/page"}],"author":[{"embeddable":true,"href":"https:\/\/www.csfs.aero\/es\/wp-json\/wp\/v2\/users\/1"}],"replies":[{"embeddable":true,"href":"https:\/\/www.csfs.aero\/es\/wp-json\/wp\/v2\/comments?post=464"}],"version-history":[{"count":0,"href":"https:\/\/www.csfs.aero\/es\/wp-json\/wp\/v2\/pages\/464\/revisions"}],"wp:featuredmedia":[{"embeddable":true,"href":"https:\/\/www.csfs.aero\/es\/wp-json\/wp\/v2\/media\/860"}],"wp:attachment":[{"href":"https:\/\/www.csfs.aero\/es\/wp-json\/wp\/v2\/media?parent=464"}],"curies":[{"name":"wp","href":"https:\/\/api.w.org\/{rel}","templated":true}]}}