{"id":486,"date":"2018-01-31T21:40:57","date_gmt":"2018-02-01T02:40:57","guid":{"rendered":"http:\/\/localhost\/csfs\/?page_id=486"},"modified":"2023-04-20T13:59:35","modified_gmt":"2023-04-20T18:59:35","slug":"aircraft-management","status":"publish","type":"page","link":"https:\/\/www.csfs.aero\/es\/aircraft-management\/","title":{"rendered":""},"content":{"rendered":"<div class=\"vce-row-container\"><div class=\"vce-row vce-row--col-gap-30 vce-row-equal-height vce-row-content--top\" data-vce-full-width=\"true\" data-vce-stretch-content=\"true\" id=\"el-3e74008d\" data-vce-do-apply=\"all el-3e74008d\"><div class=\"vce-row-content\" data-vce-element-content=\"true\"><div class=\"vce-col vce-col--md-auto vce-col--xs-1 vce-col--xs-last vce-col--xs-first vce-col--sm-last vce-col--sm-first vce-col--md-last vce-col--lg-last vce-col--xl-last vce-col--md-first vce-col--lg-first vce-col--xl-first\" id=\"el-7f5ad0f1\"><div class=\"vce-col-inner\" data-vce-do-apply=\"border margin background  el-7f5ad0f1\"><div class=\"vce-col-content\" data-vce-element-content=\"true\" data-vce-do-apply=\"padding el-7f5ad0f1\"><div class=\"vce-row-container\" data-vce-boxed-width=\"true\"><div class=\"vce-row vce-row--col-gap-30 vce-row-equal-height vce-row-content--top\" id=\"el-3cb73246\" data-vce-do-apply=\"all el-3cb73246\"><div class=\"vce-row-content\" data-vce-element-content=\"true\"><div class=\"vce-col vce-col--md-auto vce-col--xs-1 vce-col--xs-last vce-col--xs-first vce-col--sm-last vce-col--sm-first vce-col--md-last vce-col--lg-last vce-col--xl-last vce-col--md-first vce-col--lg-first vce-col--xl-first\" id=\"el-9590aa19\"><div class=\"vce-col-inner\" data-vce-do-apply=\"border margin background  el-9590aa19\"><div class=\"vce-col-content\" data-vce-element-content=\"true\" data-vce-do-apply=\"padding el-9590aa19\"><div class=\"vce-row-container\" data-vce-boxed-width=\"true\"><div class=\"vce-row vce-row--col-gap-30 vce-row-equal-height vce-row-content--top\" id=\"el-12d5ea16\" data-vce-do-apply=\"all el-12d5ea16\"><div class=\"vce-row-content\" data-vce-element-content=\"true\"><div class=\"vce-col vce-col--md-auto vce-col--xs-1 vce-col--xs-last vce-col--xs-first vce-col--sm-last vce-col--sm-first vce-col--md-last vce-col--lg-last vce-col--xl-last vce-col--md-first vce-col--lg-first vce-col--xl-first\" id=\"el-7672edfe\"><div class=\"vce-col-inner\" data-vce-do-apply=\"border margin background  el-7672edfe\"><div class=\"vce-col-content\" data-vce-element-content=\"true\" data-vce-do-apply=\"padding el-7672edfe\"><div class=\"vce-row-container\"><div class=\"vce-row vce-element--has-background vce-row--col-gap-15 vce-row-content--bottom\" data-vce-full-width=\"true\" data-vce-stretch-content=\"true\" id=\"el-9485b4a0\" data-vce-do-apply=\"all el-9485b4a0\" data-vce-animate=\"vce-o-animate--slideInLeft\"><div class=\"vce-content-background-container\"><div class=\"vce-asset-parallax-container vce-visible-all-only\" data-vce-assets-parallax-mouse-move=\".vce-asset-parallax\" data-vce-assets-parallax-mouse-move-element=\"9485b4a0\" data-vce-assets-parallax-reverse=\"false\"><div class=\"vce-asset-parallax vce-asset-parallax-mouse-move\" style=\"inset: -30vh -30vw; transform: translate(-43.5px, -86.703125px);\"><div class=\"vce-asset-background-slider-container vce-visible-all-only vce-asset-background-slider--style-cover vce-asset-background-slider--position-center-top\"><div class=\"vce-asset-background-slider\" data-vce-assets-slider=\"5\" data-vce-assets-slider-effect=\"slide\" data-vce-assets-slider-slides=\".vce-asset-background-slider-items\" data-vce-assets-slider-slide=\".vce-asset-background-slider-item\"><div class=\"vce-asset-background-slider-items\">\n              <div style='background-image: url(\"https:\/\/www.csfs.aero\/wp-content\/uploads\/2019\/02\/back-contact-us-09.jpg\");'  class=\"vce-asset-background-slider-item vcv-lozad\" ><\/div>\n              <noscript>\n                &lt;div class=&quot;vce-asset-background-slider-item&quot; style=&quot;background-image: url(https:\/\/www.csfs.aero\/wp-content\/uploads\/2019\/02\/back-contact-us-09.jpg); visibility: visible;&quot;&gt;&lt;\/div&gt;\n              <\/noscript>\n            <\/div><\/div><\/div><\/div><\/div><\/div><div class=\"vce-row-content\" data-vce-element-content=\"true\"><div class=\"vce-col vce-col--md-auto vce-col--xs-1 vce-col--xs-last vce-col--xs-first vce-col--sm-last vce-col--sm-first vce-col--md-first vce-col--lg-first vce-col--xl-first\" id=\"el-7f0cb039\"><div class=\"vce-col-inner\" data-vce-do-apply=\"border margin background  el-7f0cb039\"><div class=\"vce-col-content\" data-vce-element-content=\"true\" data-vce-do-apply=\"padding el-7f0cb039\"><div class=\"vce-text-block\"><div class=\"vce-text-block-wrapper vce\" id=\"el-5ae68b32\" data-vce-do-apply=\"all el-5ae68b32\"><h2 style=\"text-align: center; line-height: 1;\"><strong><span style=\"color: #a2b1bf;\">AIRCRAFT&nbsp;<\/span><\/strong><span style=\"color: #a2b1bf;\"><span style=\"caret-color: #a2b1bf;\"><b>MANAGEMENT<\/b><\/span><\/span><\/h2><div class=\"row\"><div class=\"titularSeccion\"><div class=\"col-sm-12\"><div class=\"descrip\" style=\"text-align: center;\"><span style=\"font-size: 18pt; color: #a2b1bf;\">CSFS lleva 20 a\u00f1os gestionando aviones comerciales basando su atenci\u00f3n al cliente en la calidad, el soporte, la eficiencia y la confidencialidad.<\/span><\/div><div style=\"text-align: center;\"><span style=\"font-size: 18pt; font-family: Poppins; color: #a2b1bf;\">Nuestro departamento de gesti\u00f3n de aeronaves ofrece la soluci\u00f3n ideal de forma integral. <\/span><\/div><div style=\"text-align: center;\"><span style=\"font-size: 18pt; font-family: Poppins; color: #a2b1bf;\">Cuidamos todos los aspectos, auditando y presentando informes relacionados con las aeronaves de nuestros clientes.<\/span><\/div><\/div><\/div><\/div><\/div><\/div><\/div><\/div><\/div><div class=\"vce-col vce-col--md-auto vce-col--xs-1 vce-col--xs-last vce-col--xs-first vce-col--sm-last vce-col--sm-first vce-col--md-last vce-col--lg-last vce-col--xl-last\" id=\"el-40868b72\"><div class=\"vce-col-inner\" data-vce-do-apply=\"border margin background  el-40868b72\"><div class=\"vce-col-content\" data-vce-element-content=\"true\" data-vce-do-apply=\"padding el-40868b72\"><div class=\"vce-single-image-container vce-single-image--align-right\"><div class=\"vce vce-single-image-wrapper\" id=\"el-2d5af25b\" data-vce-do-apply=\"all el-2d5af25b\"><figure><div class=\"vce-single-image-figure-inner\" style=\"width: 600px;\"><div class=\"vce-single-image-inner vce-single-image--absolute\" style=\"width: 100%; padding-bottom: 66.666667%;\"><img fetchpriority=\"high\" decoding=\"async\" class=\"vce-single-image\"  width=\"600\" height=\"400\" srcset=\"https:\/\/www.csfs.aero\/wp-content\/uploads\/2022\/09\/LP-Aircraft-Management-Services-320x213.jpg 320w, https:\/\/www.csfs.aero\/wp-content\/uploads\/2022\/09\/LP-Aircraft-Management-Services-480x320.jpg 480w, https:\/\/www.csfs.aero\/wp-content\/uploads\/2023\/04\/LP-Aircraft-Management-Services-600x400.jpg 600w\" src=\"https:\/\/www.csfs.aero\/wp-content\/uploads\/2023\/04\/LP-Aircraft-Management-Services-600x400.jpg\" data-img-src=\"https:\/\/www.csfs.aero\/wp-content\/uploads\/2022\/09\/LP-Aircraft-Management-Services.jpg\" data-attachment-id=\"1830\"  alt=\"\" title=\"LP-Aircraft-Management-Services\" \/><\/div><\/div><figcaption hidden=\"\"><\/figcaption><\/figure><\/div><\/div><\/div><\/div><\/div><\/div><\/div><\/div><\/div><\/div><\/div><\/div><\/div><\/div><div class=\"vce-row-container\" data-vce-boxed-width=\"true\"><div class=\"vce-row vce-row--col-gap-30 vce-row-equal-height vce-row-content--top\" id=\"el-f6acb5d8\" data-vce-do-apply=\"all el-f6acb5d8\"><div class=\"vce-row-content\" data-vce-element-content=\"true\"><div class=\"vce-col vce-col--md-auto vce-col--xs-1 vce-col--xs-last vce-col--xs-first vce-col--sm-last vce-col--sm-first vce-col--md-last vce-col--lg-last vce-col--xl-last vce-col--md-first vce-col--lg-first vce-col--xl-first\" id=\"el-68d889a1\"><div class=\"vce-col-inner\" data-vce-do-apply=\"border margin background  el-68d889a1\"><div class=\"vce-col-content\" data-vce-element-content=\"true\" data-vce-do-apply=\"padding el-68d889a1\"><div class=\"vce-row-container\" data-vce-boxed-width=\"true\"><div class=\"vce-row vce-row--col-gap-30 vce-row-equal-height vce-row-content--middle\" id=\"el-871f3911\" data-vce-do-apply=\"all el-871f3911\"><div class=\"vce-row-content\" data-vce-element-content=\"true\"><div class=\"vce-col vce-col--md-43p vce-col--xs-1 vce-col--xs-last vce-col--xs-first vce-col--sm-last vce-col--sm-first vce-col--md-first vce-col--lg-first vce-col--xl-first\" id=\"el-1bc5a272\"><div class=\"vce-col-inner\" data-vce-do-apply=\"border margin background  el-1bc5a272\"><div class=\"vce-col-content\" data-vce-element-content=\"true\" data-vce-do-apply=\"padding el-1bc5a272\"><div class=\"vce-single-image-container vce-single-image--align-center\"><div class=\"vce vce-single-image-wrapper\" id=\"el-0ee8d42e\" data-vce-do-apply=\"all el-0ee8d42e\"><figure><div class=\"vce-single-image-figure-inner\" style=\"width: 430px;\"><div class=\"vce-single-image-inner vce-single-image--absolute vce-single-image--border-round\" style=\"width: 100%; padding-bottom: 100%;\"><img decoding=\"async\" class=\"vce-single-image\"  width=\"430\" height=\"430\" srcset=\"https:\/\/www.csfs.aero\/wp-content\/uploads\/2022\/09\/avionprivado-320x179.jpg 320w, https:\/\/www.csfs.aero\/wp-content\/uploads\/2022\/09\/avionprivado-480x268.jpg 480w, https:\/\/www.csfs.aero\/wp-content\/uploads\/2023\/04\/avionprivado-430x430.jpg 430w\" src=\"https:\/\/www.csfs.aero\/wp-content\/uploads\/2023\/04\/avionprivado-430x430.jpg\" data-img-src=\"https:\/\/www.csfs.aero\/wp-content\/uploads\/2022\/09\/avionprivado.jpg\" data-attachment-id=\"1833\"  alt=\"\" title=\"avionprivado\" \/><\/div><\/div><figcaption hidden=\"\"><\/figcaption><\/figure><\/div><\/div><\/div><\/div><\/div><div class=\"vce-col vce-col--md-57p vce-col--xs-1 vce-col--xs-last vce-col--xs-first vce-col--sm-last vce-col--sm-first vce-col--md-last vce-col--lg-last vce-col--xl-last\" id=\"el-18f2b282\"><div class=\"vce-col-inner\" data-vce-do-apply=\"border margin background  el-18f2b282\"><div class=\"vce-col-content\" data-vce-element-content=\"true\" data-vce-do-apply=\"padding el-18f2b282\"><div class=\"vce-text-block\"><div class=\"vce-text-block-wrapper vce\" id=\"el-7124ace5\" data-vce-do-apply=\"all el-7124ace5\"><p><span style=\"font-size: 16pt; color: #08296e;\">Conf\u00ede en CSFS para librarse por completo de las complejidades de las operaciones de vuelo diarias y tener la tranquilidad de saber que su avi\u00f3n est\u00e1 siendo manejado de manera profesional y eficiente por los mejores en el negocio. Nuestras soluciones en la gesti\u00f3n de aeronaves cubren todos los aspectos sus necesidades.<\/span><\/p><\/div><\/div><\/div><\/div><\/div><\/div><\/div><\/div><\/div><\/div><\/div><\/div><\/div><\/div><\/div><\/div><\/div><\/div><\/div><\/div><\/div><\/div><\/div><\/div><\/div><\/div><div class=\"vce-row-container\" data-vce-boxed-width=\"true\"><div class=\"vce-row vce-row--col-gap-30 vce-row-equal-height vce-row-content--top\" id=\"el-b6cae03a\" data-vce-do-apply=\"all el-b6cae03a\"><div class=\"vce-row-content\" data-vce-element-content=\"true\"><div class=\"vce-col vce-col--md-auto vce-col--xs-1 vce-col--xs-last vce-col--xs-first vce-col--sm-last vce-col--sm-first vce-col--md-last vce-col--lg-last vce-col--xl-last vce-col--md-first vce-col--lg-first vce-col--xl-first\" id=\"el-8a2b2916\"><div class=\"vce-col-inner\" data-vce-do-apply=\"border margin background  el-8a2b2916\"><div class=\"vce-col-content\" data-vce-element-content=\"true\" data-vce-do-apply=\"padding el-8a2b2916\"><div class=\"vce-text-block\"><div class=\"vce-text-block-wrapper vce\" id=\"el-60266789\" data-vce-do-apply=\"all el-60266789\"><\/div><\/div><\/div><\/div><\/div><\/div><\/div><\/div><div class=\"vce-row-container\" data-vce-boxed-width=\"true\"><div class=\"vce-row vce-row--col-gap-0 vce-row-equal-height vce-row-content--top\" id=\"el-85eda751\" data-vce-do-apply=\"all el-85eda751\"><div class=\"vce-row-content\" data-vce-element-content=\"true\"><div class=\"vce-col vce-col--md-auto vce-col--xs-1 vce-col--xs-last vce-col--xs-first vce-col--sm-last vce-col--sm-first vce-col--md-last vce-col--lg-last vce-col--xl-last vce-col--md-first vce-col--lg-first vce-col--xl-first\" id=\"el-6acb7f63\"><div class=\"vce-col-inner\" data-vce-do-apply=\"border margin background  el-6acb7f63\"><div class=\"vce-col-content\" data-vce-element-content=\"true\" data-vce-do-apply=\"padding el-6acb7f63\"><div class=\"vce-faq-toggle vce-faq-toggle-color--fff vce-faq-toggle-shape-color--b-20-64-158 vce-faq-toggle-shape--rounded\"><div class=\"vce-faq-toggle-wrapper vce\" id=\"el-c50c9d38\" data-vce-do-apply=\"margin padding border background  el-c50c9d38\" data-vce-animate=\"vce-o-animate--fadeInRight\"><div class=\"vce-faq-toggle-inner\"><div class=\"vce-faq-toggle-title\"><h4 class=\"vce-faq-toggle-title-text\" aria-controls=\"faqToggle-c50c9d38\" aria-expanded=\"false\"><i class=\"vce-faq-toggle-icon\"><\/i>Validated Best-Practices Flight Operations<\/h4><\/div><div class=\"vce-faq-toggle-text-block\" role=\"region\" id=\"faqToggle-c50c9d38\"><p><span style=\"font-size: 16pt; font-weight: 400; font-style: normal;\">Operate your aircraft with safety, precision and efficiency.<\/span><\/p><\/div><\/div><\/div><\/div><div class=\"vce-faq-toggle vce-faq-toggle-color--fff vce-faq-toggle-shape-color--b-20-64-158 vce-faq-toggle-shape--rounded\"><div class=\"vce-faq-toggle-wrapper vce\" id=\"el-c283e6a1\" data-vce-do-apply=\"margin padding border background  el-c283e6a1\" data-vce-animate=\"vce-o-animate--fadeInRight\"><div class=\"vce-faq-toggle-inner\"><div class=\"vce-faq-toggle-title\"><h4 class=\"vce-faq-toggle-title-text\" aria-controls=\"faqToggle-c283e6a1\" aria-expanded=\"false\"><i class=\"vce-faq-toggle-icon\"><\/i>Reliable and Compliant Aircraft Maintenance<\/h4><\/div><div class=\"vce-faq-toggle-text-block\" role=\"region\" id=\"faqToggle-c283e6a1\"><p><span style=\"font-weight: 400; font-style: normal; font-size: 16pt;\">Make sure your aircraft is always in top flying condition.<\/span><\/p><\/div><\/div><\/div><\/div><div class=\"vce-faq-toggle vce-faq-toggle-color--fff vce-faq-toggle-shape-color--b-20-64-158 vce-faq-toggle-shape--rounded\"><div class=\"vce-faq-toggle-wrapper vce\" id=\"el-387eaec8\" data-vce-do-apply=\"margin padding border background  el-387eaec8\" data-vce-animate=\"vce-o-animate--fadeInRight\"><div class=\"vce-faq-toggle-inner\"><div class=\"vce-faq-toggle-title\"><h4 class=\"vce-faq-toggle-title-text\" aria-controls=\"faqToggle-387eaec8\" aria-expanded=\"false\"><i class=\"vce-faq-toggle-icon\"><\/i>Cost Savings<\/h4><\/div><div class=\"vce-faq-toggle-text-block\" role=\"region\" id=\"faqToggle-387eaec8\"><p><span style=\"font-weight: 400; font-style: normal; font-size: 16pt;\">Attain significant cost savings in key operational areas.<\/span><\/p><\/div><\/div><\/div><\/div><div class=\"vce-faq-toggle vce-faq-toggle-color--fff vce-faq-toggle-shape-color--b-20-64-158 vce-faq-toggle-shape--rounded\"><div class=\"vce-faq-toggle-wrapper vce\" id=\"el-e225a545\" data-vce-do-apply=\"margin padding border background  el-e225a545\" data-vce-animate=\"vce-o-animate--fadeInRight\"><div class=\"vce-faq-toggle-inner\"><div class=\"vce-faq-toggle-title\"><h4 class=\"vce-faq-toggle-title-text\" aria-controls=\"faqToggle-e225a545\" aria-expanded=\"false\"><i class=\"vce-faq-toggle-icon\"><\/i>Oversight and Compliance<\/h4><\/div><div class=\"vce-faq-toggle-text-block\" role=\"region\" id=\"faqToggle-e225a545\"><p><span style=\"font-weight: 400; font-style: normal; font-size: 16pt;\">Stay ahead of intricate regulatory requirements.<\/span><\/p><\/div><\/div><\/div><\/div><div class=\"vce-faq-toggle vce-faq-toggle-color--fff vce-faq-toggle-shape-color--b-20-64-158 vce-faq-toggle-shape--rounded\"><div class=\"vce-faq-toggle-wrapper vce\" id=\"el-42d34a38\" data-vce-do-apply=\"margin padding border background  el-42d34a38\" data-vce-animate=\"vce-o-animate--fadeInRight\"><div class=\"vce-faq-toggle-inner\"><div class=\"vce-faq-toggle-title\"><h4 class=\"vce-faq-toggle-title-text\" aria-controls=\"faqToggle-42d34a38\" aria-expanded=\"false\"><i class=\"vce-faq-toggle-icon\"><\/i>Protection and Confidentiality<\/h4><\/div><div class=\"vce-faq-toggle-text-block\" role=\"region\" id=\"faqToggle-42d34a38\"><p><span style=\"font-weight: 400; font-style: normal; font-size: 16pt;\">Keep your flight activities private.<\/span><\/p><\/div><\/div><\/div><\/div><div class=\"vce-faq-toggle vce-faq-toggle-color--fff vce-faq-toggle-shape-color--b-20-64-158 vce-faq-toggle-shape--rounded\"><div class=\"vce-faq-toggle-wrapper vce\" id=\"el-caf51a0a\" data-vce-do-apply=\"margin padding border background  el-caf51a0a\" data-vce-animate=\"vce-o-animate--fadeInRight\"><div class=\"vce-faq-toggle-inner\"><div class=\"vce-faq-toggle-title\"><h4 class=\"vce-faq-toggle-title-text\" aria-controls=\"faqToggle-caf51a0a\" aria-expanded=\"false\"><i class=\"vce-faq-toggle-icon\"><\/i>Risk Management<\/h4><\/div><div class=\"vce-faq-toggle-text-block\" role=\"region\" id=\"faqToggle-caf51a0a\"><p><span style=\"font-weight: 400; font-style: normal; font-size: 16pt;\">Find ways to reduce your operational, security, or financial risks.<\/span><\/p><\/div><\/div><\/div><\/div><div class=\"vce-faq-toggle vce-faq-toggle-color--fff vce-faq-toggle-shape-color--b-20-64-158 vce-faq-toggle-shape--rounded\"><div class=\"vce-faq-toggle-wrapper vce\" id=\"el-035045bf\" data-vce-do-apply=\"margin padding border background  el-035045bf\" data-vce-animate=\"vce-o-animate--fadeInRight\"><div class=\"vce-faq-toggle-inner\"><div class=\"vce-faq-toggle-title\"><h4 class=\"vce-faq-toggle-title-text\" aria-controls=\"faqToggle-035045bf\" aria-expanded=\"false\"><i class=\"vce-faq-toggle-icon\"><\/i>Experienced Flight Crew<\/h4><\/div><div class=\"vce-faq-toggle-text-block\" role=\"region\" id=\"faqToggle-035045bf\"><p><span style=\"font-weight: 400; font-style: normal; font-size: 16pt;\">Hire, train, and retain the best flight crew for all your missions.<\/span><strong><br><\/strong><\/p><\/div><\/div><\/div><\/div><div class=\"vce-faq-toggle vce-faq-toggle-color--fff vce-faq-toggle-shape-color--b-20-64-158 vce-faq-toggle-shape--rounded\"><div class=\"vce-faq-toggle-wrapper vce\" id=\"el-91d0f988\" data-vce-do-apply=\"margin padding border background  el-91d0f988\" data-vce-animate=\"vce-o-animate--fadeInRight\"><div class=\"vce-faq-toggle-inner\"><div class=\"vce-faq-toggle-title\"><h4 class=\"vce-faq-toggle-title-text\" aria-controls=\"faqToggle-91d0f988\" aria-expanded=\"false\"><i class=\"vce-faq-toggle-icon\"><\/i>Finance Administration<\/h4><\/div><div class=\"vce-faq-toggle-text-block\" role=\"region\" id=\"faqToggle-91d0f988\"><p><span style=\"font-weight: 400; font-style: normal; font-size: 16pt;\">Know where you stand financially with BAS at all times.<\/span><strong><br><\/strong><\/p><\/div><\/div><\/div><\/div><\/div><\/div><\/div><\/div><\/div><\/div><div class=\"vce-row-container\" data-vce-boxed-width=\"true\"><div class=\"vce-row vce-row--col-gap-30 vce-row-equal-height vce-row-content--top\" id=\"el-ae341efe\" data-vce-do-apply=\"all el-ae341efe\"><div class=\"vce-row-content\" data-vce-element-content=\"true\"><div class=\"vce-col vce-col--md-auto vce-col--xs-1 vce-col--xs-last vce-col--xs-first vce-col--sm-last vce-col--sm-first vce-col--md-last vce-col--lg-last vce-col--xl-last vce-col--md-first vce-col--lg-first vce-col--xl-first\" id=\"el-e0864763\"><div class=\"vce-col-inner\" data-vce-do-apply=\"border margin background  el-e0864763\"><div class=\"vce-col-content\" data-vce-element-content=\"true\" data-vce-do-apply=\"padding el-e0864763\"><div class=\"vce vce-separator-container vce-separator--align-center vce-separator--style-shadow\" id=\"el-78fe566d\" data-vce-do-apply=\"margin el-78fe566d\"><div class=\"vce-separator vce-separator--color-bfc0c1 vce-separator--width-89 vce-separator--thickness-3\" data-vce-do-apply=\"border padding background  el-78fe566d\"><div class=\"vce-separator-shadow vce-separator-shadow-left\"><\/div><div class=\"vce-separator-shadow vce-separator-shadow-right\"><\/div><\/div><\/div><\/div><\/div><\/div><\/div><\/div><\/div><div class=\"vce-row-container\"><div class=\"vce-row vce-row--col-gap-30 vce-row-equal-height vce-row-content--top\" data-vce-full-width=\"true\" data-vce-stretch-content=\"true\" id=\"el-66fc9373\" data-vce-do-apply=\"all el-66fc9373\"><div class=\"vce-row-content\" data-vce-element-content=\"true\"><div class=\"vce-col vce-col--md-auto vce-col--xs-1 vce-col--xs-last vce-col--xs-first vce-col--sm-last vce-col--sm-first vce-col--md-last vce-col--lg-last vce-col--xl-last vce-col--md-first vce-col--lg-first vce-col--xl-first\" id=\"el-cd35f3f3\"><div class=\"vce-col-inner\" data-vce-do-apply=\"border margin background  el-cd35f3f3\"><div class=\"vce-content-background-container\"><\/div><div class=\"vce-col-content\" data-vce-element-content=\"true\" data-vce-do-apply=\"padding el-cd35f3f3\"><div class=\"vce-text-block\"><div class=\"vce-text-block-wrapper vce\" id=\"el-0f1cabf9\" data-vce-do-apply=\"all el-0f1cabf9\"><p style=\"line-height: 0.75; text-align: center;\"><span style=\"font-style: normal; font-size: 18pt; font-family: Poppins;\">Necesitas este servicio?<\/span><\/p><p style=\"line-height: 0.75; text-align: center;\"><span style=\"font-size: 16pt; font-family: Poppins;\">Permitenos ayudarte!<\/span><\/p><\/div><\/div><div class=\"vce-button--style-basic-container vce-button--style-basic-container--align-center\"><span class=\"vce-button--style-basic-wrapper vce\" id=\"el-763e5d17\" data-vce-do-apply=\"margin el-763e5d17\"><a class=\"vce-button vce-button--style-basic vce-button--style-basic--border-round vce-button--style-basic--size-large vce-button--style-basic--color-b-20-64-158--fff vce-button--style-basic--hover-color-b-218-218-218--b-20-64-158\" href=\"https:\/\/www.csfs.aero\/es\/contact-us\/\" title=\"\" data-vce-do-apply=\"padding border background  el-763e5d17\">REQUERIR SERVICIO<\/a><\/span><\/div><div class=\"vce-single-image-container vce-single-image--align-center\"><div style='background-image: url(\"https:\/\/www.csfs.aero\/wp-content\/uploads\/2018\/11\/fondo1-1200.png\");'  class=\"vce vce-single-image-wrapper\" id=\"el-0d5cbe3b\" data-vce-background-image-all=\"https:\/\/www.csfs.aero\/wp-content\/uploads\/2018\/11\/fondo1-1200.png\" data-vce-background-image=\"all\"  data-vce-do-apply=\"all el-0d5cbe3b\"><figure><div class=\"vce-single-image-figure-inner\" style=\"width: 200px;\"><div class=\"vce-single-image-inner vce-single-image--absolute vce-single-image--border-rounded\" style=\"width: 100%; padding-bottom: 150%;\"><img decoding=\"async\" class=\"vce-single-image\"  width=\"200\" height=\"300\" srcset=\"https:\/\/www.csfs.aero\/wp-content\/uploads\/2018\/02\/Dise\u00f1o-Web-12-e1661130313530-200x300.png 200w, https:\/\/www.csfs.aero\/wp-content\/uploads\/2018\/02\/Dise\u00f1o-Web-12-e1661130313530-320x480.png 320w, https:\/\/www.csfs.aero\/wp-content\/uploads\/2018\/02\/Dise\u00f1o-Web-12-e1661130313530-480x720.png 480w, https:\/\/www.csfs.aero\/wp-content\/uploads\/2023\/04\/Dise\u00f1o-Web-12-e1661130313530-800x1200.png 800w, https:\/\/www.csfs.aero\/wp-content\/uploads\/2023\/04\/Dise\u00f1o-Web-12-e1661130313530-400x600.png 2x\" src=\"https:\/\/www.csfs.aero\/wp-content\/uploads\/2018\/02\/Dise\u00f1o-Web-12-e1661130313530-200x300.png\" data-img-src=\"https:\/\/www.csfs.aero\/wp-content\/uploads\/2018\/02\/Dise\u00f1o-Web-12-e1661130313530.png\" data-attachment-id=\"588\"  alt=\"\" title=\"Dise\u00f1o Web-12\" \/><\/div><\/div><figcaption hidden=\"\"><\/figcaption><\/figure><\/div><\/div><\/div><\/div><\/div><\/div><\/div><\/div>","protected":false},"excerpt":{"rendered":"<p>&lt;div class=&#8221;vce-asset-background-slider-item&#8221; style=&#8221;background-image: url(https:\/\/www.csfs.aero\/wp-content\/uploads\/2019\/02\/back-contact-us-09.jpg); visibility: visible;&#8221;&gt;&lt;\/div&gt; AIRCRAFT&nbsp;MANAGEMENTCSFS has spent 20 years managing business aircraft basing its customer care on quality, support, transparency and confidentiality.Our aircraft management department offers the ideal solution for comprehensive. We take care of all, auditing and reporting aspects with regards to our customers\u2019 aircrafts.Trust CSFS to completely free yourself from the [&hellip;]<\/p>\n","protected":false},"author":1,"featured_media":1744,"parent":0,"menu_order":0,"comment_status":"closed","ping_status":"closed","template":"","meta":{"_monsterinsights_skip_tracking":false,"_monsterinsights_sitenote_active":false,"_monsterinsights_sitenote_note":"","_monsterinsights_sitenote_category":0,"footnotes":""},"class_list":["post-486","page","type-page","status-publish","has-post-thumbnail","hentry","entry","has-media"],"aioseo_notices":[],"jetpack_sharing_enabled":true,"_links":{"self":[{"href":"https:\/\/www.csfs.aero\/es\/wp-json\/wp\/v2\/pages\/486","targetHints":{"allow":["GET"]}}],"collection":[{"href":"https:\/\/www.csfs.aero\/es\/wp-json\/wp\/v2\/pages"}],"about":[{"href":"https:\/\/www.csfs.aero\/es\/wp-json\/wp\/v2\/types\/page"}],"author":[{"embeddable":true,"href":"https:\/\/www.csfs.aero\/es\/wp-json\/wp\/v2\/users\/1"}],"replies":[{"embeddable":true,"href":"https:\/\/www.csfs.aero\/es\/wp-json\/wp\/v2\/comments?post=486"}],"version-history":[{"count":0,"href":"https:\/\/www.csfs.aero\/es\/wp-json\/wp\/v2\/pages\/486\/revisions"}],"wp:featuredmedia":[{"embeddable":true,"href":"https:\/\/www.csfs.aero\/es\/wp-json\/wp\/v2\/media\/1744"}],"wp:attachment":[{"href":"https:\/\/www.csfs.aero\/es\/wp-json\/wp\/v2\/media?parent=486"}],"curies":[{"name":"wp","href":"https:\/\/api.w.org\/{rel}","templated":true}]}}